{"id":73,"date":"2018-04-06T14:38:10","date_gmt":"2018-04-06T12:38:10","guid":{"rendered":"http:\/\/atelier-skald.com\/?page_id=73"},"modified":"2022-12-07T20:08:28","modified_gmt":"2022-12-07T19:08:28","slug":"mentions-legales-et-droits-dauteur","status":"publish","type":"page","link":"https:\/\/atelier-skald.com\/en\/mentions-legales-et-droits-dauteur\/","title":{"rendered":"Mentions l\u00e9gales et droits d&rsquo;auteur"},"content":{"rendered":"<p>[et_pb_section fb_built=\u00a0\u00bb1&Prime; fullwidth=\u00a0\u00bbon\u00a0\u00bb admin_label=\u00a0\u00bbHeader\u00a0\u00bb _builder_version=\u00a0\u00bb3.12.2&Prime; background_color=\u00a0\u00bb#b7b9c7&Prime; custom_margin_tablet=\u00a0\u00bb|0px||0px\u00a0\u00bb custom_margin_last_edited=\u00a0\u00bbon|tablet\u00a0\u00bb custom_padding=\u00a0\u00bb0px|0|0px|0px|false|false\u00a0\u00bb][et_pb_fullwidth_header title=\u00a0\u00bbDroits d&rsquo;auteur\u00a0\u00bb text_orientation=\u00a0\u00bbcenter\u00a0\u00bb background_overlay_color=\u00a0\u00bbrgba(23,21,8,0.2)\u00a0\u00bb content_max_width=\u00a0\u00bb90%\u00a0\u00bb content_max_width_tablet=\u00a0\u00bb100%\u00a0\u00bb content_max_width_last_edited=\u00a0\u00bbon|desktop\u00a0\u00bb admin_label=\u00a0\u00bbHeader QUI SOMMES-NOUS\u00a0\u00bb module_class=\u00a0\u00bbhero-sm\u00a0\u00bb _builder_version=\u00a0\u00bb3.12.2&Prime; title_text_align=\u00a0\u00bbcenter\u00a0\u00bb title_font_size_last_edited=\u00a0\u00bbon|tablet\u00a0\u00bb title_line_height=\u00a0\u00bb1.1em\u00a0\u00bb content_font=\u00a0\u00bb|700|||||||\u00a0\u00bb content_text_align=\u00a0\u00bbleft\u00a0\u00bb content_font_size=\u00a0\u00bb32px\u00a0\u00bb subhead_text_align=\u00a0\u00bbcenter\u00a0\u00bb subhead_font_size=\u00a0\u00bb30px\u00a0\u00bb subhead_font_size_phone=\u00a0\u00bb20px\u00a0\u00bb subhead_font_size_last_edited=\u00a0\u00bbon|desktop\u00a0\u00bb subhead_line_height=\u00a0\u00bb2em\u00a0\u00bb subhead_line_height_phone=\u00a0\u00bb1.5em\u00a0\u00bb subhead_line_height_last_edited=\u00a0\u00bbon|phone\u00a0\u00bb background_color=\u00a0\u00bbrgba(255,255,255,0)\u00a0\u00bb use_background_color_gradient=\u00a0\u00bbon\u00a0\u00bb background_color_gradient_start=\u00a0\u00bbrgba(0,0,0,0.35)\u00a0\u00bb background_color_gradient_end=\u00a0\u00bbrgba(0,0,0,0)\u00a0\u00bb background_color_gradient_type=\u00a0\u00bbradial\u00a0\u00bb background_color_gradient_end_position=\u00a0\u00bb62%\u00a0\u00bb background_color_gradient_overlays_image=\u00a0\u00bbon\u00a0\u00bb background_image=\u00a0\u00bbhttps:\/\/atelier-skald.com\/wp-content\/uploads\/2018\/09\/Collections-img-head.jpg\u00a0\u00bb background_size=\u00a0\u00bbinitial\u00a0\u00bb background_position=\u00a0\u00bbtop_left\u00a0\u00bb background_repeat=\u00a0\u00bbrepeat\u00a0\u00bb custom_margin=\u00a0\u00bb|||\u00a0\u00bb custom_margin_tablet=\u00a0\u00bb|0px||0px\u00a0\u00bb custom_margin_last_edited=\u00a0\u00bbon|desktop\u00a0\u00bb custom_padding=\u00a0\u00bb||92px|\u00a0\u00bb custom_padding_tablet=\u00a0\u00bb0px|0px|61px|0px\u00a0\u00bb custom_padding_phone=\u00a0\u00bb0px|0px|45px|0px\u00a0\u00bb custom_padding_last_edited=\u00a0\u00bbon|phone\u00a0\u00bb animation_direction=\u00a0\u00bbtop\u00a0\u00bb][\/et_pb_fullwidth_header][\/et_pb_section][et_pb_section fb_built=\u00a0\u00bb1&Prime; custom_padding_last_edited=\u00a0\u00bbon|desktop\u00a0\u00bb _builder_version=\u00a0\u00bb3.12.2&Prime; custom_margin=\u00a0\u00bb80px|||\u00a0\u00bb custom_margin_tablet=\u00a0\u00bb||30px|||false\u00a0\u00bb custom_margin_last_edited=\u00a0\u00bbon|desktop\u00a0\u00bb custom_padding=\u00a0\u00bb0px|0px|0px|0px\u00a0\u00bb][et_pb_row custom_padding=\u00a0\u00bb10px|80px|40px|80px|false|false\u00a0\u00bb custom_margin=\u00a0\u00bb||80px|\u00a0\u00bb admin_label=\u00a0\u00bbSection Header\u00a0\u00bb _builder_version=\u00a0\u00bb3.12.2&Prime; box_shadow_style=\u00a0\u00bbpreset1&Prime; box_shadow_blur=\u00a0\u00bb40px\u00a0\u00bb box_shadow_color=\u00a0\u00bbrgba(0,0,0,0.15)\u00a0\u00bb module_alignment=\u00a0\u00bbcenter\u00a0\u00bb custom_margin_tablet=\u00a0\u00bb||30px|\u00a0\u00bb custom_margin_last_edited=\u00a0\u00bbon|desktop\u00a0\u00bb][et_pb_column type=\u00a0\u00bb4_4&Prime; _builder_version=\u00a0\u00bb3.0.47&Prime; parallax=\u00a0\u00bboff\u00a0\u00bb parallax_method=\u00a0\u00bbon\u00a0\u00bb][et_pb_divider show_divider=\u00a0\u00bboff\u00a0\u00bb height=\u00a0\u00bb30&Prime; module_class=\u00a0\u00bbdivid-brown\u00a0\u00bb _builder_version=\u00a0\u00bb3.2.2&Prime; max_width=\u00a0\u00bb10%\u00a0\u00bb module_alignment=\u00a0\u00bbcenter\u00a0\u00bb custom_margin=\u00a0\u00bb30px||30px|\u00a0\u00bb][\/et_pb_divider][et_pb_text admin_label=\u00a0\u00bbNotre D\u00e9marche title\u00a0\u00bb _builder_version=\u00a0\u00bb3.12.2&Prime; text_font=\u00a0\u00bbLato|700||on|||||\u00a0\u00bb text_font_size=\u00a0\u00bb26px\u00a0\u00bb header_2_font=\u00a0\u00bb|||on|||||\u00a0\u00bb custom_margin=\u00a0\u00bb||5px|\u00a0\u00bb]<\/p>\n<h2 style=\"text-align: center;\"><strong>Avant Propos<\/strong><\/h2>\n<p>[\/et_pb_text][et_pb_text _builder_version=\u00a0\u00bb3.12.2&Prime; module_alignment=\u00a0\u00bbcenter\u00a0\u00bb]<\/p>\n<p style=\"text-align: justify;\"><span style=\"color: #000000;\">Notre m\u00e9tier est double, nous sommes luthiers cr\u00e9ateurs et arch\u00e9o-luthiers sp\u00e9cialistes de la reconstitution des lyres de l&rsquo;antiquit\u00e9 et du moyen \u00c2ge.<br \/>\nNous sommes \u00e9galement chercheurs en arch\u00e9o-musiciologie, fondateurs du P\u00f4le de Recherche, d&rsquo;Interpr\u00e9tation et d&rsquo;Arch\u00e9ologie Exp\u00e9rimentale (www.priae.fr), de la lyre Acad\u00e9mie (www.lyre-academy.com) et du groupe Ar Bard (www.ar-bard.com)<\/span><\/p>\n<p style=\"text-align: justify;\"><span style=\"color: #000000;\">Depuis 18 ans, nous \u0153uvrons \u00e0 diff\u00e9rents niveaux afin de d\u00e9mocratiser la pratique de la lyre en fabriquant sur mesure des instruments pour des musiciens du monde entier.<br \/>\nNous dirigeons chaque ann\u00e9e plusieurs programmes de recherche (Projet LEIA \/ SPEAR Op\u00e9ration etc.) en collaboration avec de nombreuses structures internationales (ITEMM, CIMM, EXARC, etc) visant \u00e0 am\u00e9liorer la compr\u00e9hention des pratiques musicales antiques et m\u00e9di\u00e9vales dont nous destinons les fruits \u00e0 nos confr\u00e8res professionnels mais aussi au grand public par des conf\u00e9rences, des publications, des expositions, des concerts etc.<\/span><\/p>\n<p style=\"text-align: justify;\"><span style=\"color: #000000;\">La d\u00e9mocratisation de la lyre passe aussi par la baisse du prix et c&rsquo;est pourquoi, afin de permettre un retour \u00e9tique et responsable \u00e0 cet instrument venu de la nuit des temps, nous d\u00e9veloppons les premi\u00e8res lyres de location ainsi que des instruments de nouvelle g\u00e9n\u00e9ration fabriqu\u00e9s en France en cycle court \u00e0 partir de biomat\u00e9riau.<\/span><\/p>\n<p style=\"text-align: justify;\"><span style=\"color: #000000;\">Depuis 10\u00a0ans, nous agissons \u00e9galement sur le terrain de l&rsquo;enseignement, d\u00e9veloppant des m\u00e9thodes d&rsquo;apprentissage et des tablatures d\u00e9di\u00e9es \u00e0 la lyre. Gr\u00e2ce \u00e0 la Lyre Academy que nous avons fond\u00e9 en 2014, plusieurs centaines d&rsquo;\u00e9l\u00e8ves et de stagiaires b\u00e9n\u00e9ficient chaque ann\u00e9es de cours en pr\u00e9sentiel s\u00fbr nos nombreuses antennes mais aussi en live et en streaming sur le site internet sur lequel on peut \u00e9galement d\u00e9couvrir des reportages proposant une initiation \u00e0 l&rsquo;univers \u00e9tendu de la lyre.<\/span><\/p>\n<p style=\"text-align: justify;\"><span style=\"color: #000000;\">Nous agissons \u00e9galement sur le terrain de la formation professionnelle en collaboration avec l&rsquo;Institut Technologique Europ\u00e9en des M\u00e9tiers de la Musique et le Centre International des Musiques M\u00e9di\u00e9vales en lien avec l&rsquo;Universit\u00e9 Paul Val\u00e9ry Montpellier III) en proposant les premi\u00e8res formations professionelles en arch\u00e9o-lutherie.<br \/>\nLes bricoleurs passionn\u00e9s ne sont pas oubli\u00e9s pour autant et appr\u00e9cieront les vid\u00e9os que nous r\u00e9alisons leur expliquant comment fabriquer leurs propres instruments.<\/span><\/p>\n<p style=\"text-align: justify;\"><span style=\"color: #000000;\">Afin de soutenir nos valeurs et nous permettre de pouvoir continuer de partager le fruit de nos recherches, nous vous demanderons de respecter notre travail ainsi que certaines r\u00e8gles d\u00e9taill\u00e9es ci-dessous concernant la reproduction des instruments que nous fabriquons.<\/span><\/p>\n<p>[\/et_pb_text][\/et_pb_column][\/et_pb_row][et_pb_row use_custom_gutter=\u00a0\u00bbon\u00a0\u00bb gutter_width=\u00a0\u00bb2&Prime; custom_padding=\u00a0\u00bb0|0px|80px|0px|false|false\u00a0\u00bb custom_padding_tablet=\u00a0\u00bb0px|0px|0px|0px\u00a0\u00bb custom_margin=\u00a0\u00bb||0px|\u00a0\u00bb make_equal=\u00a0\u00bbon\u00a0\u00bb custom_padding_last_edited=\u00a0\u00bbon|desktop\u00a0\u00bb module_class_1=\u00a0\u00bbbox-padding vertical-align\u00a0\u00bb module_class_2=\u00a0\u00bbvertical-align\u00a0\u00bb module_id=\u00a0\u00bbarcheologie-experimentale\u00a0\u00bb _builder_version=\u00a0\u00bb3.12.2&Prime; background_size=\u00a0\u00bbinitial\u00a0\u00bb background_position=\u00a0\u00bbtop_left\u00a0\u00bb background_repeat=\u00a0\u00bbrepeat\u00a0\u00bb module_alignment=\u00a0\u00bbcenter\u00a0\u00bb custom_margin_last_edited=\u00a0\u00bbon|tablet\u00a0\u00bb][et_pb_column type=\u00a0\u00bb4_4&Prime; _builder_version=\u00a0\u00bb3.0.47&Prime; parallax=\u00a0\u00bboff\u00a0\u00bb parallax_method=\u00a0\u00bbon\u00a0\u00bb module_class=\u00a0\u00bbbox-padding vertical-align\u00a0\u00bb][et_pb_text module_class=\u00a0\u00bbh3-custom\u00a0\u00bb _builder_version=\u00a0\u00bb3.12.2&Prime; header_text_align=\u00a0\u00bbcenter\u00a0\u00bb text_orientation=\u00a0\u00bbcenter\u00a0\u00bb custom_margin_tablet=\u00a0\u00bb||0px|||false\u00a0\u00bb custom_margin_last_edited=\u00a0\u00bbon|tablet\u00a0\u00bb]<\/p>\n<h4 style=\"margin-bottom: 0cm; font-weight: normal;\">Les instruments que nous produisons se repartissent en 3 cat\u00e9gories.<\/h4>\n<p>[\/et_pb_text][\/et_pb_column][\/et_pb_row][et_pb_row use_custom_gutter=\u00a0\u00bbon\u00a0\u00bb gutter_width=\u00a0\u00bb2&Prime; custom_padding=\u00a0\u00bb0|0px|80px|0px|false|false\u00a0\u00bb custom_padding_tablet=\u00a0\u00bb0px|0px|0px|0px\u00a0\u00bb custom_margin=\u00a0\u00bb||0px|\u00a0\u00bb make_equal=\u00a0\u00bbon\u00a0\u00bb custom_padding_last_edited=\u00a0\u00bbon|desktop\u00a0\u00bb module_class_1=\u00a0\u00bbbox-padding vertical-align\u00a0\u00bb module_class_2=\u00a0\u00bbvertical-align\u00a0\u00bb module_id=\u00a0\u00bbarcheologie-experimentale\u00a0\u00bb _builder_version=\u00a0\u00bb3.12.2&Prime; background_size=\u00a0\u00bbinitial\u00a0\u00bb background_position=\u00a0\u00bbtop_left\u00a0\u00bb background_repeat=\u00a0\u00bbrepeat\u00a0\u00bb module_alignment=\u00a0\u00bbcenter\u00a0\u00bb custom_margin_last_edited=\u00a0\u00bbon|tablet\u00a0\u00bb][et_pb_column type=\u00a0\u00bb1_2&Prime; _builder_version=\u00a0\u00bb3.0.47&Prime; parallax=\u00a0\u00bboff\u00a0\u00bb parallax_method=\u00a0\u00bbon\u00a0\u00bb module_class=\u00a0\u00bbbox-padding vertical-align\u00a0\u00bb][et_pb_text module_class=\u00a0\u00bbh3-custom\u00a0\u00bb _builder_version=\u00a0\u00bb3.12.2&Prime; header_text_align=\u00a0\u00bbcenter\u00a0\u00bb text_orientation=\u00a0\u00bbcenter\u00a0\u00bb custom_margin_tablet=\u00a0\u00bb||0px|||false\u00a0\u00bb custom_margin_last_edited=\u00a0\u00bbon|tablet\u00a0\u00bb]<\/p>\n<h3>Les reconstitutions<\/h3>\n<p style=\"text-align: justify;\">Les reconstitutions sont bas\u00e9es sur des restes d&rsquo;instruments qui ont \u00e9t\u00e9 d\u00e9couvert par l&rsquo;arch\u00e9ologie, de ce fait, outre les personnalisations\/modifications apport\u00e9es par l&rsquo;Atelier Skald, aucun droit ne s&rsquo;applique et il appartient \u00e0 chacun de pouvoir les reproduire librement. (voir quelques exemples ci-contre.)<\/p>\n<p><img loading=\"lazy\" decoding=\"async\" class=\"wp-image-29371 alignnone size-full\" src=\"https:\/\/atelier-skald.com\/wp-content\/uploads\/2018\/05\/picto-instruments.png\" alt=\"\" width=\"24\" height=\"25\" srcset=\"https:\/\/atelier-skald.com\/wp-content\/uploads\/2018\/05\/picto-instruments.png 24w, https:\/\/atelier-skald.com\/wp-content\/uploads\/2018\/05\/picto-instruments-23x24.png 23w\" sizes=\"auto, (max-width: 24px) 100vw, 24px\" \/><\/p>\n<p>[\/et_pb_text][\/et_pb_column][et_pb_column type=\u00a0\u00bb1_2&Prime; _builder_version=\u00a0\u00bb3.0.47&Prime; parallax=\u00a0\u00bboff\u00a0\u00bb parallax_method=\u00a0\u00bbon\u00a0\u00bb module_class=\u00a0\u00bbvertical-align\u00a0\u00bb][et_pb_nextend_smart_slider_3 slider=\u00a0\u00bb13&Prime; disabled_on=\u00a0\u00bbon|on|\u00a0\u00bb admin_label=\u00a0\u00bbSlider Archeo Exp\u00a0\u00bb _builder_version=\u00a0\u00bb3.12.2&Prime; locked=\u00a0\u00bboff\u00a0\u00bb][\/et_pb_nextend_smart_slider_3][\/et_pb_column][\/et_pb_row][et_pb_row use_custom_gutter=\u00a0\u00bbon\u00a0\u00bb gutter_width=\u00a0\u00bb2&Prime; custom_padding=\u00a0\u00bb0|0px|80px|0px|false|false\u00a0\u00bb custom_padding_tablet=\u00a0\u00bb0px|0px|0px|0px\u00a0\u00bb custom_margin=\u00a0\u00bb||0px|\u00a0\u00bb make_equal=\u00a0\u00bbon\u00a0\u00bb custom_padding_last_edited=\u00a0\u00bbon|desktop\u00a0\u00bb module_class_1=\u00a0\u00bbbox-padding vertical-align\u00a0\u00bb module_class_2=\u00a0\u00bbvertical-align\u00a0\u00bb module_id=\u00a0\u00bbarcheologie-experimentale\u00a0\u00bb _builder_version=\u00a0\u00bb3.12.2&Prime; background_size=\u00a0\u00bbinitial\u00a0\u00bb background_position=\u00a0\u00bbtop_left\u00a0\u00bb background_repeat=\u00a0\u00bbrepeat\u00a0\u00bb module_alignment=\u00a0\u00bbcenter\u00a0\u00bb custom_margin_last_edited=\u00a0\u00bbon|tablet\u00a0\u00bb][et_pb_column type=\u00a0\u00bb1_2&Prime; _builder_version=\u00a0\u00bb3.0.47&Prime; parallax=\u00a0\u00bboff\u00a0\u00bb parallax_method=\u00a0\u00bbon\u00a0\u00bb module_class=\u00a0\u00bbbox-padding vertical-align\u00a0\u00bb][et_pb_nextend_smart_slider_3 slider=\u00a0\u00bb14&Prime; disabled_on=\u00a0\u00bbon|on|\u00a0\u00bb admin_label=\u00a0\u00bbSlider Archeo Exp\u00a0\u00bb _builder_version=\u00a0\u00bb3.12.2&Prime; locked=\u00a0\u00bboff\u00a0\u00bb][\/et_pb_nextend_smart_slider_3][\/et_pb_column][et_pb_column type=\u00a0\u00bb1_2&Prime; _builder_version=\u00a0\u00bb3.0.47&Prime; parallax=\u00a0\u00bboff\u00a0\u00bb parallax_method=\u00a0\u00bbon\u00a0\u00bb module_class=\u00a0\u00bbvertical-align\u00a0\u00bb][et_pb_text module_class=\u00a0\u00bbh3-custom\u00a0\u00bb _builder_version=\u00a0\u00bb3.12.2&Prime; header_text_align=\u00a0\u00bbcenter\u00a0\u00bb text_orientation=\u00a0\u00bbcenter\u00a0\u00bb custom_margin_tablet=\u00a0\u00bb||0px|||false\u00a0\u00bb custom_margin_last_edited=\u00a0\u00bbon|tablet\u00a0\u00bb]<\/p>\n<h3 style=\"text-align: center;\">Les interpr\u00e9tations<\/h3>\n<p style=\"text-align: justify;\">Les interpr\u00e9tations concernent des instruments pour lesquels aucun reste n&rsquo;a \u00e9t\u00e9 d\u00e9couvert par l&rsquo;arch\u00e9ologie.<br \/>\nLes interpr\u00e9tations sont uniquement bas\u00e9es sur des repr\u00e9sentations figur\u00e9es, abstraites, symboliques (etc) d&rsquo;instruments ou sur des sources iconographiques et \u00e9pigraphiques qu&rsquo;il est possible d&rsquo;interpr\u00e9ter d&rsquo;une infinit\u00e9 de fa\u00e7ons; de ce fait ce travail de re-cr\u00e9ation est soumis \u00e0 des droits d&rsquo;auteur et il n&rsquo;est pas permis de le reproduire sans autorisation. Toutefois nous vous rappelons qu&rsquo;il appartient \u00e0 chacun d&rsquo;interpr\u00e9ter librement les donn\u00e9es arch\u00e9ologiques \u00e0 sa mani\u00e8re tout en veillant \u00e0 ne pas reprendre notre travail ni celui d&rsquo;un confr\u00e8re. (voir quelques exemples ci-contre.)<\/p>\n<p><img loading=\"lazy\" decoding=\"async\" class=\"wp-image-29371 alignnone size-full\" src=\"https:\/\/atelier-skald.com\/wp-content\/uploads\/2018\/05\/picto-instruments.png\" alt=\"\" width=\"24\" height=\"25\" srcset=\"https:\/\/atelier-skald.com\/wp-content\/uploads\/2018\/05\/picto-instruments.png 24w, https:\/\/atelier-skald.com\/wp-content\/uploads\/2018\/05\/picto-instruments-23x24.png 23w\" sizes=\"auto, (max-width: 24px) 100vw, 24px\" \/><\/p>\n<p>[\/et_pb_text][\/et_pb_column][\/et_pb_row][et_pb_row use_custom_gutter=\u00a0\u00bbon\u00a0\u00bb gutter_width=\u00a0\u00bb2&Prime; custom_padding=\u00a0\u00bb0|0px|80px|0px|false|false\u00a0\u00bb custom_padding_tablet=\u00a0\u00bb0px|0px|0px|0px\u00a0\u00bb custom_margin=\u00a0\u00bb||0px|\u00a0\u00bb make_equal=\u00a0\u00bbon\u00a0\u00bb custom_padding_last_edited=\u00a0\u00bbon|desktop\u00a0\u00bb module_class_1=\u00a0\u00bbbox-padding vertical-align\u00a0\u00bb module_class_2=\u00a0\u00bbvertical-align\u00a0\u00bb module_id=\u00a0\u00bbarcheologie-experimentale\u00a0\u00bb _builder_version=\u00a0\u00bb3.12.2&Prime; background_size=\u00a0\u00bbinitial\u00a0\u00bb background_position=\u00a0\u00bbtop_left\u00a0\u00bb background_repeat=\u00a0\u00bbrepeat\u00a0\u00bb module_alignment=\u00a0\u00bbcenter\u00a0\u00bb custom_margin_last_edited=\u00a0\u00bbon|tablet\u00a0\u00bb][et_pb_column type=\u00a0\u00bb1_2&Prime; _builder_version=\u00a0\u00bb3.0.47&Prime; parallax=\u00a0\u00bboff\u00a0\u00bb parallax_method=\u00a0\u00bbon\u00a0\u00bb module_class=\u00a0\u00bbbox-padding vertical-align\u00a0\u00bb][et_pb_text module_class=\u00a0\u00bbh3-custom\u00a0\u00bb _builder_version=\u00a0\u00bb3.12.2&Prime; header_text_align=\u00a0\u00bbcenter\u00a0\u00bb text_orientation=\u00a0\u00bbcenter\u00a0\u00bb custom_margin_tablet=\u00a0\u00bb||0px|||false\u00a0\u00bb custom_margin_last_edited=\u00a0\u00bbon|tablet\u00a0\u00bb]<\/p>\n<h3>Les cr\u00e9ations originales<\/h3>\n<p style=\"text-align: justify;\">Les cr\u00e9ations originales sont des concepts sign\u00e9s Atelier Skald. Ils sont soumis au droit d&rsquo;auteur et il n&rsquo;est pas permis de les reproduire sans autorisation. (voir quelques exemples ci-contre.)<\/p>\n<p><img loading=\"lazy\" decoding=\"async\" class=\"wp-image-29371 alignnone size-full\" src=\"https:\/\/atelier-skald.com\/wp-content\/uploads\/2018\/05\/picto-instruments.png\" alt=\"\" width=\"24\" height=\"25\" srcset=\"https:\/\/atelier-skald.com\/wp-content\/uploads\/2018\/05\/picto-instruments.png 24w, https:\/\/atelier-skald.com\/wp-content\/uploads\/2018\/05\/picto-instruments-23x24.png 23w\" sizes=\"auto, (max-width: 24px) 100vw, 24px\" \/><\/p>\n<p>[\/et_pb_text][\/et_pb_column][et_pb_column type=\u00a0\u00bb1_2&Prime; _builder_version=\u00a0\u00bb3.0.47&Prime; parallax=\u00a0\u00bboff\u00a0\u00bb parallax_method=\u00a0\u00bbon\u00a0\u00bb module_class=\u00a0\u00bbvertical-align\u00a0\u00bb][et_pb_nextend_smart_slider_3 slider=\u00a0\u00bb15&Prime; disabled_on=\u00a0\u00bbon|on|\u00a0\u00bb admin_label=\u00a0\u00bbSlider Archeo Exp\u00a0\u00bb _builder_version=\u00a0\u00bb3.12.2&Prime; locked=\u00a0\u00bboff\u00a0\u00bb][\/et_pb_nextend_smart_slider_3][\/et_pb_column][\/et_pb_row][\/et_pb_section][et_pb_section fb_built=\u00a0\u00bb1&Prime; _builder_version=\u00a0\u00bb3.4.1&Prime; background_image=\u00a0\u00bbhttps:\/\/atelier-skald.com\/wp-content\/uploads\/2018\/05\/BG-bois.jpg\u00a0\u00bb custom_padding=\u00a0\u00bb15px|0px|15px|0px|false|false\u00a0\u00bb][et_pb_row make_fullwidth=\u00a0\u00bbon\u00a0\u00bb custom_padding=\u00a0\u00bb15px|0px|15px|0px|false|false\u00a0\u00bb _builder_version=\u00a0\u00bb3.4.1&Prime; module_alignment=\u00a0\u00bbcenter\u00a0\u00bb][et_pb_column type=\u00a0\u00bb4_4&Prime; _builder_version=\u00a0\u00bb3.0.47&Prime; parallax=\u00a0\u00bboff\u00a0\u00bb parallax_method=\u00a0\u00bbon\u00a0\u00bb][et_pb_text _builder_version=\u00a0\u00bb3.4.1&Prime; text_font=\u00a0\u00bb||||||||\u00a0\u00bb text_orientation=\u00a0\u00bbcenter\u00a0\u00bb custom_margin=\u00a0\u00bb||15px|\u00a0\u00bb custom_padding=\u00a0\u00bb|||\u00a0\u00bb]<\/p>\n<h2>envie d&rsquo;en savoir plus ?<\/h2>\n<p>[\/et_pb_text][et_pb_button button_url=\u00a0\u00bb\/instruments\u00a0\u00bb button_text=\u00a0\u00bbD\u00e9couvrez nos instruments\u00a0\u00bb button_alignment=\u00a0\u00bbcenter\u00a0\u00bb admin_label=\u00a0\u00bbButton notre histoire\u00a0\u00bb module_class=\u00a0\u00bbbtn-custom-green hover-green\u00a0\u00bb _builder_version=\u00a0\u00bb3.12.2&Prime; custom_button=\u00a0\u00bbon\u00a0\u00bb button_text_size=\u00a0\u00bb1.1em\u00a0\u00bb button_use_icon=\u00a0\u00bboff\u00a0\u00bb custom_margin=\u00a0\u00bb10px|||\u00a0\u00bb custom_padding=\u00a0\u00bb|||\u00a0\u00bb custom_css_main_element=\u00a0\u00bbpadding: 0.5em 1em!important;\u00a0\u00bb][\/et_pb_button][\/et_pb_column][\/et_pb_row][\/et_pb_section]<\/p>\n","protected":false},"excerpt":{"rendered":"<p>[et_pb_section fb_built=\u00a0\u00bb1&Prime; fullwidth=\u00a0\u00bbon\u00a0\u00bb admin_label=\u00a0\u00bbHeader\u00a0\u00bb _builder_version=\u00a0\u00bb3.12.2&Prime; background_color=\u00a0\u00bb#b7b9c7&Prime; custom_margin_tablet=\u00a0\u00bb|0px||0px\u00a0\u00bb custom_margin_last_edited=\u00a0\u00bbon|tablet\u00a0\u00bb custom_padding=\u00a0\u00bb0px|0|0px|0px|false|false\u00a0\u00bb][et_pb_fullwidth_header title=\u00a0\u00bbDroits d&rsquo;auteur\u00a0\u00bb text_orientation=\u00a0\u00bbcenter\u00a0\u00bb background_overlay_color=\u00a0\u00bbrgba(23,21,8,0.2)\u00a0\u00bb content_max_width=\u00a0\u00bb90%\u00a0\u00bb content_max_width_tablet=\u00a0\u00bb100%\u00a0\u00bb content_max_width_last_edited=\u00a0\u00bbon|desktop\u00a0\u00bb admin_label=\u00a0\u00bbHeader QUI SOMMES-NOUS\u00a0\u00bb module_class=\u00a0\u00bbhero-sm\u00a0\u00bb _builder_version=\u00a0\u00bb3.12.2&Prime; title_text_align=\u00a0\u00bbcenter\u00a0\u00bb title_font_size_last_edited=\u00a0\u00bbon|tablet\u00a0\u00bb title_line_height=\u00a0\u00bb1.1em\u00a0\u00bb content_font=\u00a0\u00bb|700|||||||\u00a0\u00bb content_text_align=\u00a0\u00bbleft\u00a0\u00bb content_font_size=\u00a0\u00bb32px\u00a0\u00bb subhead_text_align=\u00a0\u00bbcenter\u00a0\u00bb subhead_font_size=\u00a0\u00bb30px\u00a0\u00bb subhead_font_size_phone=\u00a0\u00bb20px\u00a0\u00bb subhead_font_size_last_edited=\u00a0\u00bbon|desktop\u00a0\u00bb subhead_line_height=\u00a0\u00bb2em\u00a0\u00bb subhead_line_height_phone=\u00a0\u00bb1.5em\u00a0\u00bb subhead_line_height_last_edited=\u00a0\u00bbon|phone\u00a0\u00bb background_color=\u00a0\u00bbrgba(255,255,255,0)\u00a0\u00bb use_background_color_gradient=\u00a0\u00bbon\u00a0\u00bb background_color_gradient_start=\u00a0\u00bbrgba(0,0,0,0.35)\u00a0\u00bb background_color_gradient_end=\u00a0\u00bbrgba(0,0,0,0)\u00a0\u00bb background_color_gradient_type=\u00a0\u00bbradial\u00a0\u00bb background_color_gradient_end_position=\u00a0\u00bb62%\u00a0\u00bb background_color_gradient_overlays_image=\u00a0\u00bbon\u00a0\u00bb background_image=\u00a0\u00bbhttps:\/\/atelier-skald.com\/wp-content\/uploads\/2018\/09\/Collections-img-head.jpg\u00a0\u00bb background_size=\u00a0\u00bbinitial\u00a0\u00bb background_position=\u00a0\u00bbtop_left\u00a0\u00bb background_repeat=\u00a0\u00bbrepeat\u00a0\u00bb custom_margin=\u00a0\u00bb|||\u00a0\u00bb custom_margin_tablet=\u00a0\u00bb|0px||0px\u00a0\u00bb custom_margin_last_edited=\u00a0\u00bbon|desktop\u00a0\u00bb custom_padding=\u00a0\u00bb||92px|\u00a0\u00bb custom_padding_tablet=\u00a0\u00bb0px|0px|61px|0px\u00a0\u00bb custom_padding_phone=\u00a0\u00bb0px|0px|45px|0px\u00a0\u00bb custom_padding_last_edited=\u00a0\u00bbon|phone\u00a0\u00bb animation_direction=\u00a0\u00bbtop\u00a0\u00bb][\/et_pb_fullwidth_header][\/et_pb_section][et_pb_section fb_built=\u00a0\u00bb1&Prime; custom_padding_last_edited=\u00a0\u00bbon|desktop\u00a0\u00bb [&hellip;]<\/p>\n","protected":false},"author":1,"featured_media":0,"parent":0,"menu_order":0,"comment_status":"closed","ping_status":"closed","template":"","meta":{"footnotes":""},"class_list":["post-73","page","type-page","status-publish","hentry"],"_links":{"self":[{"href":"https:\/\/atelier-skald.com\/en\/wp-json\/wp\/v2\/pages\/73","targetHints":{"allow":["GET"]}}],"collection":[{"href":"https:\/\/atelier-skald.com\/en\/wp-json\/wp\/v2\/pages"}],"about":[{"href":"https:\/\/atelier-skald.com\/en\/wp-json\/wp\/v2\/types\/page"}],"author":[{"embeddable":true,"href":"https:\/\/atelier-skald.com\/en\/wp-json\/wp\/v2\/users\/1"}],"replies":[{"embeddable":true,"href":"https:\/\/atelier-skald.com\/en\/wp-json\/wp\/v2\/comments?post=73"}],"version-history":[{"count":20,"href":"https:\/\/atelier-skald.com\/en\/wp-json\/wp\/v2\/pages\/73\/revisions"}],"predecessor-version":[{"id":32261,"href":"https:\/\/atelier-skald.com\/en\/wp-json\/wp\/v2\/pages\/73\/revisions\/32261"}],"wp:attachment":[{"href":"https:\/\/atelier-skald.com\/en\/wp-json\/wp\/v2\/media?parent=73"}],"curies":[{"name":"wp","href":"https:\/\/api.w.org\/{rel}","templated":true}]}}