{"id":63,"date":"2018-04-06T14:34:00","date_gmt":"2018-04-06T12:34:00","guid":{"rendered":"http:\/\/atelier-skald.com\/?page_id=63"},"modified":"2018-08-27T18:11:21","modified_gmt":"2018-08-27T16:11:21","slug":"notre-demarche","status":"publish","type":"page","link":"https:\/\/atelier-skald.com\/en\/notre-demarche\/","title":{"rendered":"Our approach"},"content":{"rendered":"<p>[et_pb_section bb_built=\u00a0\u00bb1&Prime; admin_label=\u00a0\u00bbHeader\u00a0\u00bb fullwidth=\u00a0\u00bbon\u00a0\u00bb _builder_version=\u00a0\u00bb3.12.2&Prime; background_color=\u00a0\u00bb#b7b9c7&Prime; custom_margin_tablet=\u00a0\u00bb|0px||0px\u00a0\u00bb custom_margin_last_edited=\u00a0\u00bbon|tablet\u00a0\u00bb custom_padding=\u00a0\u00bb0px|0|0px|0px|false|false\u00a0\u00bb next_background_color=\u00a0\u00bb#ffffff\u00a0\u00bb][et_pb_fullwidth_header admin_label=\u00a0\u00bbHeader QUI SOMMES-NOUS\u00a0\u00bb title=\u00a0\u00bbQUI SOMMES-NOUS\u00a0\u00bb subhead=\u00a0\u00bbNotre d\u00e9marche\u00a0\u00bb text_orientation=\u00a0\u00bbcenter\u00a0\u00bb background_overlay_color=\u00a0\u00bbrgba(23,21,8,0.2)\u00a0\u00bb content_max_width=\u00a0\u00bb90%\u00a0\u00bb content_max_width_tablet=\u00a0\u00bb100%\u00a0\u00bb content_max_width_last_edited=\u00a0\u00bbon|desktop\u00a0\u00bb module_class=\u00a0\u00bbhero-sm\u00a0\u00bb _builder_version=\u00a0\u00bb3.12.2&Prime; title_text_align=\u00a0\u00bbcenter\u00a0\u00bb title_font_size_last_edited=\u00a0\u00bbon|tablet\u00a0\u00bb title_line_height=\u00a0\u00bb1.1em\u00a0\u00bb content_font=\u00a0\u00bb|700|||||||\u00a0\u00bb content_text_align=\u00a0\u00bbleft\u00a0\u00bb content_font_size=\u00a0\u00bb32px\u00a0\u00bb subhead_text_align=\u00a0\u00bbcenter\u00a0\u00bb subhead_font_size=\u00a0\u00bb30px\u00a0\u00bb subhead_font_size_phone=\u00a0\u00bb20px\u00a0\u00bb subhead_font_size_last_edited=\u00a0\u00bbon|desktop\u00a0\u00bb subhead_line_height=\u00a0\u00bb2em\u00a0\u00bb subhead_line_height_phone=\u00a0\u00bb1.5em\u00a0\u00bb subhead_line_height_last_edited=\u00a0\u00bbon|phone\u00a0\u00bb background_color=\u00a0\u00bbrgba(255,255,255,0)\u00a0\u00bb use_background_color_gradient=\u00a0\u00bbon\u00a0\u00bb background_color_gradient_start=\u00a0\u00bbrgba(0,0,0,0.35)\u00a0\u00bb background_color_gradient_end=\u00a0\u00bbrgba(0,0,0,0)\u00a0\u00bb background_color_gradient_type=\u00a0\u00bbradial\u00a0\u00bb background_color_gradient_end_position=\u00a0\u00bb62%\u00a0\u00bb background_color_gradient_overlays_image=\u00a0\u00bbon\u00a0\u00bb background_image=\u00a0\u00bbhttps:\/\/atelier-skald.com\/wp-content\/uploads\/2018\/05\/IMG_97181-1.jpg\u00a0\u00bb custom_margin=\u00a0\u00bb|||\u00a0\u00bb custom_margin_tablet=\u00a0\u00bb|0px||0px\u00a0\u00bb custom_margin_last_edited=\u00a0\u00bbon|desktop\u00a0\u00bb custom_padding=\u00a0\u00bb||92px|\u00a0\u00bb custom_padding_tablet=\u00a0\u00bb0px|0px|61px|0px\u00a0\u00bb custom_padding_phone=\u00a0\u00bb0px|0px|45px|0px\u00a0\u00bb custom_padding_last_edited=\u00a0\u00bbon|phone\u00a0\u00bb animation_direction=\u00a0\u00bbtop\u00a0\u00bb]<br \/>\n[\/et_pb_fullwidth_header][\/et_pb_section][et_pb_section bb_built=\u00a0\u00bb1&Prime; _builder_version=\u00a0\u00bb3.12.2&Prime; custom_padding=\u00a0\u00bb48px|0px|0|0px|false|false\u00a0\u00bb custom_css_main_element=\u00a0\u00bbz-index: 5;\u00a0\u00bb prev_background_color=\u00a0\u00bb#b7b9c7&Prime; next_background_color=\u00a0\u00bb#000000&Prime;][et_pb_row use_custom_gutter=\u00a0\u00bbon\u00a0\u00bb custom_padding=\u00a0\u00bb40px|80px|115px|80px\u00a0\u00bb custom_margin=\u00a0\u00bb-140px|||\u00a0\u00bb _builder_version=\u00a0\u00bb3.12.2&Prime; background_color=\u00a0\u00bb#ffffff\u00a0\u00bb box_shadow_style=\u00a0\u00bbpreset1&Prime; box_shadow_blur=\u00a0\u00bb40px\u00a0\u00bb box_shadow_color=\u00a0\u00bbrgba(0,0,0,0.15)\u00a0\u00bb module_alignment=\u00a0\u00bbcenter\u00a0\u00bb custom_margin_tablet=\u00a0\u00bb-110px|||\u00a0\u00bb custom_margin_phone=\u00a0\u00bb-95px|||\u00a0\u00bb custom_margin_last_edited=\u00a0\u00bbon|desktop\u00a0\u00bb][et_pb_column type=\u00a0\u00bb1_2&Prime;][et_pb_image src=\u00a0\u00bbhttps:\/\/atelier-skald.com\/wp-content\/uploads\/2018\/05\/IMG_9744-squarem.png\u00a0\u00bb align=\u00a0\u00bbcenter\u00a0\u00bb module_class=\u00a0\u00bbcircular\u00a0\u00bb _builder_version=\u00a0\u00bb3.11.1&Prime; max_width=\u00a0\u00bb30%\u00a0\u00bb max_width_phone=\u00a0\u00bb50%\u00a0\u00bb max_width_last_edited=\u00a0\u00bbon|phone\u00a0\u00bb]<\/p>\n<p>&nbsp;<\/p>\n<p>[\/et_pb_image][et_pb_text admin_label=\u00a0\u00bbTitre Intro\u00a0\u00bb _builder_version=\u00a0\u00bb3.3.1&Prime; text_font=\u00a0\u00bb||||||||\u00a0\u00bb text_line_height=\u00a0\u00bb1.6em\u00a0\u00bb text_orientation=\u00a0\u00bbcenter\u00a0\u00bb custom_padding=\u00a0\u00bb|0px||0px\u00a0\u00bb]<\/p>\n<p>F\u00e9ru de musique mais aussi de spiritualit\u00e9 ancienne Julian beigne dans la musique depuis son enfance. D\u2019abord le piano, puis la guitare et enfin et surtout la lyre, instrument dont ne cessera de vous parler cet intarissable passionn\u00e9 avec toute l\u2019\u00e9nergie qui le caract\u00e9rise !<\/p>\n<p>[\/et_pb_text][\/et_pb_column][et_pb_column type=\u00a0\u00bb1_2&Prime;][et_pb_image src=\u00a0\u00bbhttps:\/\/atelier-skald.com\/wp-content\/uploads\/2018\/05\/IMG_9731-squarem.png\u00a0\u00bb align=\u00a0\u00bbcenter\u00a0\u00bb module_class=\u00a0\u00bbcircular\u00a0\u00bb _builder_version=\u00a0\u00bb3.11.1&Prime; max_width=\u00a0\u00bb30%\u00a0\u00bb max_width_phone=\u00a0\u00bb50%\u00a0\u00bb max_width_last_edited=\u00a0\u00bbon|phone\u00a0\u00bb]<\/p>\n<p>&nbsp;<\/p>\n<p>[\/et_pb_image][et_pb_text admin_label=\u00a0\u00bbTitre Intro\u00a0\u00bb _builder_version=\u00a0\u00bb3.3.1&Prime; text_font=\u00a0\u00bb||||||||\u00a0\u00bb text_line_height=\u00a0\u00bb1.6em\u00a0\u00bb header_font=\u00a0\u00bb||||||||\u00a0\u00bb text_orientation=\u00a0\u00bbcenter\u00a0\u00bb custom_padding=\u00a0\u00bb|0px||0px\u00a0\u00bb]<\/p>\n<p>Audrey quant \u00e0 elle, elle a connu depuis toute petite une immersion dans l\u2019univers traditionnel de Bretagne au rythme endiabl\u00e9 des festo\u00f9-noz, cette infatigable danseuse apporte \u00e0 l\u2019atelier en plus de ses talents d\u2019artisan et de musicienne, une sacr\u00e9e bonne ambiance.<\/p>\n<p>[\/et_pb_text][\/et_pb_column][\/et_pb_row][et_pb_row custom_padding=\u00a0\u00bb0px|80px|30px|80px\u00a0\u00bb custom_margin=\u00a0\u00bb-80px|||\u00a0\u00bb _builder_version=\u00a0\u00bb3.12.2&Prime;][et_pb_column type=\u00a0\u00bb4_4&Prime;][et_pb_button admin_label=\u00a0\u00bbButton notre histoire\u00a0\u00bb button_url=\u00a0\u00bb\/notre-histoire\u00a0\u00bb button_text=\u00a0\u00bbD\u00e9couvrir notre histoire\u00a0\u00bb button_alignment=\u00a0\u00bbcenter\u00a0\u00bb module_class=\u00a0\u00bbbtn-custom-green hover-green btn-hist\u00a0\u00bb _builder_version=\u00a0\u00bb3.11.1&Prime; custom_button=\u00a0\u00bbon\u00a0\u00bb button_text_size=\u00a0\u00bb1.1em\u00a0\u00bb button_use_icon=\u00a0\u00bboff\u00a0\u00bb custom_margin=\u00a0\u00bb10px|||\u00a0\u00bb custom_padding=\u00a0\u00bb|||\u00a0\u00bb custom_css_main_element=\u00a0\u00bbpadding: 0.5em 1em!important;||width: 100%;\u00a0\u00bb]<\/p>\n<p>&nbsp;<\/p>\n<p>[\/et_pb_button][\/et_pb_column][\/et_pb_row][\/et_pb_section][et_pb_section bb_built=\u00a0\u00bb1&Prime; custom_padding_last_edited=\u00a0\u00bbon|desktop\u00a0\u00bb _builder_version=\u00a0\u00bb3.12.2&Prime; custom_margin=\u00a0\u00bb80px|||\u00a0\u00bb custom_margin_tablet=\u00a0\u00bb||30px|||false\u00a0\u00bb custom_margin_last_edited=\u00a0\u00bbon|desktop\u00a0\u00bb custom_padding=\u00a0\u00bb0px|0px|0px|0px\u00a0\u00bb prev_background_color=\u00a0\u00bb#000000&Prime; next_background_color=\u00a0\u00bb#000000&Prime;][et_pb_row admin_label=\u00a0\u00bbSection Header\u00a0\u00bb custom_padding=\u00a0\u00bb10px|80px|40px|80px\u00a0\u00bb custom_margin=\u00a0\u00bb||80px|\u00a0\u00bb _builder_version=\u00a0\u00bb3.12.2&Prime; box_shadow_style=\u00a0\u00bbpreset1&Prime; box_shadow_blur=\u00a0\u00bb40px\u00a0\u00bb box_shadow_color=\u00a0\u00bbrgba(0,0,0,0.15)\u00a0\u00bb module_alignment=\u00a0\u00bbcenter\u00a0\u00bb custom_margin_tablet=\u00a0\u00bb||30px|\u00a0\u00bb custom_margin_last_edited=\u00a0\u00bbon|desktop\u00a0\u00bb][et_pb_column type=\u00a0\u00bb4_4&Prime;][et_pb_divider show_divider=\u00a0\u00bboff\u00a0\u00bb height=\u00a0\u00bb30&Prime; module_class=\u00a0\u00bbdivid-brown\u00a0\u00bb _builder_version=\u00a0\u00bb3.2.2&Prime; max_width=\u00a0\u00bb10%\u00a0\u00bb module_alignment=\u00a0\u00bbcenter\u00a0\u00bb custom_margin=\u00a0\u00bb30px||30px|\u00a0\u00bb]<\/p>\n<p>&nbsp;<\/p>\n<p>[\/et_pb_divider][et_pb_text admin_label=\u00a0\u00bbNotre D\u00e9marche title\u00a0\u00bb _builder_version=\u00a0\u00bb3.3.1&Prime; text_font=\u00a0\u00bbLato|700||on|||||\u00a0\u00bb text_font_size=\u00a0\u00bb26px\u00a0\u00bb header_2_font=\u00a0\u00bb|||on|||||\u00a0\u00bb custom_margin=\u00a0\u00bb||5px|\u00a0\u00bb]<\/p>\n<h2 style=\"text-align: center;\"><strong>Notre D\u00e9marche<\/strong><\/h2>\n<p>[\/et_pb_text][et_pb_text _builder_version=\u00a0\u00bb3.11.1&Prime; module_alignment=\u00a0\u00bbcenter\u00a0\u00bb]<\/p>\n<p style=\"text-align: center;\"><span style=\"color: #000000;\">A chaque personne sa d\u00e9marche et \u00e0 chaque d\u00e9marche son instrument.<\/span><\/p>\n<p style=\"text-align: center;\" align=\"center\"><span style=\"color: #000000;\">Depuis des temps imm\u00e9moriaux, les instruments furent toujours adapt\u00e9s \u00e0 un besoin et leur fonctionnalit\u00e9 r\u00e9pondait \u00e0 des crit\u00e8res li\u00e9s \u00e0 la langue, \u00e0 un r\u00e9pertoire, \u00e0 un style et aussi et surtout \u00e0 la personne qui allait en jouer.<\/span><\/p>\n<p style=\"text-align: center;\" align=\"center\"><span style=\"color: #000000;\">Autrefois tourn\u00e9e vers l&rsquo;individu, cette approche se destina plus tard et de fa\u00e7on plus g\u00e9n\u00e9rale \u00e0 la production de masse, exigeant des personnes qu&rsquo;elles adaptent leurs d\u00e9marches \u00e0 un instrument bien souvent pr\u00e9-fabriqu\u00e9 sur des normes communes.<\/span><\/p>\n<p style=\"text-align: center;\" align=\"center\"><span style=\"color: #000000;\">Fid\u00e8le \u00e0 l&rsquo;ancienne approche, La politique de l&rsquo;Atelier Skald ne se r\u00e9sume pas au fait de fabriquer un instrument mais plut\u00f4t, de fabriquer le -votre- en adaptant ce futur compagnon \u00e0 votre d\u00e9marche. Dans cet esprit, nous fabriquons les instruments sur commande uniquement, r\u00e9pondant aux attentes de concertistes, reconstituteurs, conteurs ainsi qu&rsquo;\u00e0 celles des mus\u00e9es ou toute autre d\u00e9marche \u00e9tudi\u00e9e au cas par cas afin de r\u00e9aliser un instrument au plus pr\u00e8s de la personne. (exception faite pour la collection Basic qui propose occasionnellement des instruments disponibles imm\u00e9diatement.)<\/span><\/p>\n<p>[\/et_pb_text][\/et_pb_column][\/et_pb_row][et_pb_row use_custom_gutter=\u00a0\u00bbon\u00a0\u00bb gutter_width=\u00a0\u00bb2&Prime; custom_padding=\u00a0\u00bb0|0px|80px|0px|false|false\u00a0\u00bb custom_padding_tablet=\u00a0\u00bb0px|0px|0px|0px\u00a0\u00bb custom_margin=\u00a0\u00bb||0px|\u00a0\u00bb make_equal=\u00a0\u00bbon\u00a0\u00bb custom_padding_last_edited=\u00a0\u00bbon|desktop\u00a0\u00bb module_class_1=\u00a0\u00bbbox-padding vertical-align\u00a0\u00bb module_class_2=\u00a0\u00bbvertical-align\u00a0\u00bb _builder_version=\u00a0\u00bb3.12.2&Prime; background_size=\u00a0\u00bbinitial\u00a0\u00bb background_position=\u00a0\u00bbtop_left\u00a0\u00bb background_repeat=\u00a0\u00bbrepeat\u00a0\u00bb module_alignment=\u00a0\u00bbcenter\u00a0\u00bb custom_margin_last_edited=\u00a0\u00bbon|tablet\u00a0\u00bb module_id=\u00a0\u00bbarcheologie-experimentale\u00a0\u00bb][et_pb_column type=\u00a0\u00bb1_2&Prime;][et_pb_text module_class=\u00a0\u00bbh3-custom\u00a0\u00bb _builder_version=\u00a0\u00bb3.12.2&Prime; header_text_align=\u00a0\u00bbcenter\u00a0\u00bb text_orientation=\u00a0\u00bbcenter\u00a0\u00bb custom_margin_tablet=\u00a0\u00bb||0px|||false\u00a0\u00bb custom_margin_last_edited=\u00a0\u00bbon|tablet\u00a0\u00bb]<\/p>\n<h3>Arch\u00e9ologie Exp\u00e9rimentale<\/h3>\n<p><span style=\"font-size: medium;\">Instruments Historiques<\/span><\/p>\n<p>&nbsp;<\/p>\n<p>Nous attachons un point d\u2019honneur \u00e0 d\u00e9velopper une m\u00e9thodologie et un protocole permettant de collecter l\u2019information et de la sourcer.<br \/>\n<strong>L&rsquo;Objectif ?<\/strong><br \/>\nReconstituer l\u2019instrument avec les outils que nous reforgeons, les mat\u00e9riaux pr\u00e9sent sur le territoire \u00e0 l\u2019\u00e9poque r\u00e9v\u00e9l\u00e9s notamment par le travail des palynologues, et enfin, les techniques que nous retrouvons gr\u00e2ce \u00e0 l\u2019exp\u00e9rimentation afin d\u2019obtenir un instrument au plus pr\u00e8s de la r\u00e9alit\u00e9 arch\u00e9ologique.<\/p>\n<p><img loading=\"lazy\" decoding=\"async\" class=\"wp-image-29369 alignnone size-full\" src=\"https:\/\/atelier-skald.com\/wp-content\/uploads\/2018\/05\/picto-archeo.png\" alt=\"\" width=\"30\" height=\"25\" srcset=\"https:\/\/atelier-skald.com\/wp-content\/uploads\/2018\/05\/picto-archeo.png 30w, https:\/\/atelier-skald.com\/wp-content\/uploads\/2018\/05\/picto-archeo-24x20.png 24w\" sizes=\"auto, (max-width: 30px) 100vw, 30px\" \/><\/p>\n<p>[\/et_pb_text][\/et_pb_column][et_pb_column type=\u00a0\u00bb1_2&Prime;][et_pb_nextend_smart_slider_3 admin_label=\u00a0\u00bbSlider Archeo Exp\u00a0\u00bb slider=\u00a0\u00bb10&Prime; disabled_on=\u00a0\u00bbon|on|\u00a0\u00bb _builder_version=\u00a0\u00bb3.11.1&Prime; locked=\u00a0\u00bboff\u00a0\u00bb]<\/p>\n<p>&nbsp;<\/p>\n<p>[\/et_pb_nextend_smart_slider_3][\/et_pb_column][\/et_pb_row][et_pb_row use_custom_gutter=\u00a0\u00bbon\u00a0\u00bb gutter_width=\u00a0\u00bb2&Prime; custom_padding=\u00a0\u00bb0|0px|80px|0px|false|false\u00a0\u00bb custom_padding_tablet=\u00a0\u00bb0px|0px|0px|0px\u00a0\u00bb custom_margin=\u00a0\u00bb||0px|\u00a0\u00bb make_equal=\u00a0\u00bbon\u00a0\u00bb custom_padding_last_edited=\u00a0\u00bbon|desktop\u00a0\u00bb module_class_1=\u00a0\u00bbvertical-align\u00a0\u00bb module_class_2=\u00a0\u00bbbox-padding vertical-align\u00a0\u00bb _builder_version=\u00a0\u00bb3.12.2&Prime; custom_margin_tablet=\u00a0\u00bb0px||60px|\u00a0\u00bb custom_margin_last_edited=\u00a0\u00bbon|tablet\u00a0\u00bb][et_pb_column type=\u00a0\u00bb1_2&Prime;][et_pb_nextend_smart_slider_3 admin_label=\u00a0\u00bbSlider Historiques Adapt\u00e9s\u00a0\u00bb slider=\u00a0\u00bb11&Prime; disabled_on=\u00a0\u00bbon|on|off\u00a0\u00bb _builder_version=\u00a0\u00bb3.11.1&Prime;]<\/p>\n<p>&nbsp;<\/p>\n<p>[\/et_pb_nextend_smart_slider_3][\/et_pb_column][et_pb_column type=\u00a0\u00bb1_2&Prime;][et_pb_text module_class=\u00a0\u00bbh3-custom\u00a0\u00bb _builder_version=\u00a0\u00bb3.12.2&Prime; header_text_align=\u00a0\u00bbcenter\u00a0\u00bb text_orientation=\u00a0\u00bbcenter\u00a0\u00bb custom_margin_tablet=\u00a0\u00bb||0px|||false\u00a0\u00bb custom_margin_last_edited=\u00a0\u00bbon|tablet\u00a0\u00bb custom_padding=\u00a0\u00bb40px||40px|\u00a0\u00bb custom_padding_tablet=\u00a0\u00bb0px||0px|\u00a0\u00bb custom_padding_last_edited=\u00a0\u00bbon|tablet\u00a0\u00bb]<\/p>\n<h3>Instruments Historiques Adapt\u00e9s<\/h3>\n<h4>Entre Histoire et Modernit\u00e9<\/h4>\n<p>&nbsp;<\/p>\n<p style=\"text-align: center;\">Gardant \u00e0 l&rsquo;esprit qu&rsquo;\u00e0 chaque \u00e9poque, la musique \u00e0 toujours \u00e9t\u00e9 a la pointe de son temps, nous restons \u00e0 l&rsquo;\u00e9coute des musiciens et n&rsquo;h\u00e9sitons pas \u00e0 adapter les instruments historiques \u00e0 leurs besoins. Amplification \u00e9lectro-acoustique, chevilles m\u00e9talliques, cordes de nylon ou de m\u00e9tal, ou encore, adaptation du design en fonction de l&rsquo;univers de l&rsquo;artiste et le tout, en gardant comme seule r\u00e8gle du jeu le fait de rester fid\u00e8le \u00e0 l&rsquo;esprit de l&rsquo;instrument.<\/p>\n<p><img loading=\"lazy\" decoding=\"async\" class=\"wp-image-29371 alignnone size-full\" src=\"https:\/\/atelier-skald.com\/wp-content\/uploads\/2018\/05\/picto-instruments.png\" alt=\"\" width=\"24\" height=\"25\" srcset=\"https:\/\/atelier-skald.com\/wp-content\/uploads\/2018\/05\/picto-instruments.png 24w, https:\/\/atelier-skald.com\/wp-content\/uploads\/2018\/05\/picto-instruments-23x24.png 23w\" sizes=\"auto, (max-width: 24px) 100vw, 24px\" \/><\/p>\n<p>[\/et_pb_text][\/et_pb_column][\/et_pb_row][et_pb_row use_custom_gutter=\u00a0\u00bbon\u00a0\u00bb gutter_width=\u00a0\u00bb2&Prime; custom_padding=\u00a0\u00bb0|0px|80px|0px|false|false\u00a0\u00bb custom_padding_tablet=\u00a0\u00bb0px|0px|0px|0px\u00a0\u00bb custom_margin=\u00a0\u00bb|||\u00a0\u00bb make_equal=\u00a0\u00bbon\u00a0\u00bb custom_padding_last_edited=\u00a0\u00bbon|desktop\u00a0\u00bb module_class_1=\u00a0\u00bbbox-padding vertical-align\u00a0\u00bb module_class_2=\u00a0\u00bbvertical-align\u00a0\u00bb _builder_version=\u00a0\u00bb3.12.2&Prime; background_size=\u00a0\u00bbinitial\u00a0\u00bb background_position=\u00a0\u00bbtop_left\u00a0\u00bb background_repeat=\u00a0\u00bbrepeat\u00a0\u00bb custom_margin_tablet=\u00a0\u00bb0px||0px|\u00a0\u00bb custom_margin_last_edited=\u00a0\u00bbon|tablet\u00a0\u00bb][et_pb_column type=\u00a0\u00bb1_2&Prime;][et_pb_text module_class=\u00a0\u00bbh3-custom\u00a0\u00bb _builder_version=\u00a0\u00bb3.12.2&Prime; header_text_align=\u00a0\u00bbcenter\u00a0\u00bb text_orientation=\u00a0\u00bbcenter\u00a0\u00bb custom_margin=\u00a0\u00bb||31px|\u00a0\u00bb custom_margin_tablet=\u00a0\u00bb||0px|\u00a0\u00bb custom_margin_last_edited=\u00a0\u00bbon|tablet\u00a0\u00bb]<\/p>\n<h3>Cr\u00e9ations originales<\/h3>\n<h4>Concepts et pi\u00e8ces uniques<\/h4>\n<p>&nbsp;<\/p>\n<p>Comprendre d\u2019o\u00f9 l\u2019on vient est fondamental, mais c\u2019est sans oublier de regarder vers l\u2019avenir que nous concevons des cr\u00e9ations instrumentales.<\/p>\n<p>Bien souvent inspir\u00e9es d\u2019\u0153uvres de la litt\u00e9rature (Tolkien, Lovecraft etc..) ces cr\u00e9ations sont des concepts originaux mis au point par l\u2019Atelier Skald. Fort de son exp\u00e9rience de par l\u2019\u00e9tude des instruments anciens, notre atelier s\u2019attache ici \u00e0 laisser libre court \u00e0 son esprit cr\u00e9atif et propose la rencontre d\u2019univers de l\u00e9gende avec ces instruments de prestige r\u00e9alis\u00e9s de fa\u00e7on tr\u00e8s limit\u00e9e.<\/p>\n<p><img loading=\"lazy\" decoding=\"async\" class=\"wp-image-29370 alignnone size-full\" style=\"font-size: 13px;\" src=\"https:\/\/atelier-skald.com\/wp-content\/uploads\/2018\/05\/picto-creations-originales.png\" alt=\"\" width=\"30\" height=\"25\" srcset=\"https:\/\/atelier-skald.com\/wp-content\/uploads\/2018\/05\/picto-creations-originales.png 30w, https:\/\/atelier-skald.com\/wp-content\/uploads\/2018\/05\/picto-creations-originales-24x20.png 24w\" sizes=\"auto, (max-width: 30px) 100vw, 30px\" \/><\/p>\n<p>[\/et_pb_text][\/et_pb_column][et_pb_column type=\u00a0\u00bb1_2&Prime;][et_pb_nextend_smart_slider_3 admin_label=\u00a0\u00bbSlider Cr\u00e9ations originales\u00a0\u00bb slider=\u00a0\u00bb12&Prime; disabled_on=\u00a0\u00bbon|on|off\u00a0\u00bb _builder_version=\u00a0\u00bb3.12.2&Prime;]<\/p>\n<p>&nbsp;<\/p>\n<p>[\/et_pb_nextend_smart_slider_3][\/et_pb_column][\/et_pb_row][et_pb_row use_custom_gutter=\u00a0\u00bbon\u00a0\u00bb gutter_width=\u00a0\u00bb2&Prime; custom_padding=\u00a0\u00bb0|0px|80px|0px|false|false\u00a0\u00bb custom_padding_tablet=\u00a0\u00bb0px|0px|0px|0px\u00a0\u00bb make_equal=\u00a0\u00bbon\u00a0\u00bb custom_padding_last_edited=\u00a0\u00bbon|desktop\u00a0\u00bb module_class_1=\u00a0\u00bbvertical-align\u00a0\u00bb module_class_2=\u00a0\u00bbvertical-align\u00a0\u00bb _builder_version=\u00a0\u00bb3.12.2&Prime; background_size=\u00a0\u00bbinitial\u00a0\u00bb background_position=\u00a0\u00bbtop_left\u00a0\u00bb background_repeat=\u00a0\u00bbrepeat\u00a0\u00bb custom_margin_tablet=\u00a0\u00bb0px||0px|\u00a0\u00bb custom_margin_last_edited=\u00a0\u00bbon|tablet\u00a0\u00bb module_id=\u00a0\u00bbtransmission\u00a0\u00bb][et_pb_column type=\u00a0\u00bb1_2&Prime;][et_pb_image src=\u00a0\u00bbhttps:\/\/atelier-skald.com\/wp-content\/uploads\/2018\/05\/img-transmission.jpg\u00a0\u00bb align=\u00a0\u00bbcenter\u00a0\u00bb disabled_on=\u00a0\u00bbon|on|\u00a0\u00bb _builder_version=\u00a0\u00bb3.4.1&Prime;]<\/p>\n<p>&nbsp;<\/p>\n<p>[\/et_pb_image][\/et_pb_column][et_pb_column type=\u00a0\u00bb1_2&Prime;][et_pb_nextend_smart_slider_3 admin_label=\u00a0\u00bbSlider Transmission\u00a0\u00bb slider=\u00a0\u00bb8&Prime; _builder_version=\u00a0\u00bb3.12.2&Prime;]<\/p>\n<p>&nbsp;<\/p>\n<p>[\/et_pb_nextend_smart_slider_3][\/et_pb_column][\/et_pb_row][\/et_pb_section][et_pb_section bb_built=\u00a0\u00bb1&Prime; _builder_version=\u00a0\u00bb3.4.1&Prime; background_image=\u00a0\u00bbhttps:\/\/atelier-skald.com\/wp-content\/uploads\/2018\/05\/BG-bois.jpg\u00a0\u00bb custom_padding=\u00a0\u00bb15px|0px|15px|0px|false|false\u00a0\u00bb prev_background_color=\u00a0\u00bb#ffffff\u00a0\u00bb][et_pb_row make_fullwidth=\u00a0\u00bbon\u00a0\u00bb custom_padding=\u00a0\u00bb15px|0px|15px|0px|false|false\u00a0\u00bb _builder_version=\u00a0\u00bb3.4.1&Prime; module_alignment=\u00a0\u00bbcenter\u00a0\u00bb][et_pb_column type=\u00a0\u00bb4_4&Prime;][et_pb_text _builder_version=\u00a0\u00bb3.4.1&Prime; text_font=\u00a0\u00bb||||||||\u00a0\u00bb text_orientation=\u00a0\u00bbcenter\u00a0\u00bb custom_margin=\u00a0\u00bb||15px|\u00a0\u00bb custom_padding=\u00a0\u00bb|||\u00a0\u00bb]<\/p>\n<h2>envie d&rsquo;en savoir plus ?<\/h2>\n<p>[\/et_pb_text][et_pb_button admin_label=\u00a0\u00bbButton notre histoire\u00a0\u00bb button_url=\u00a0\u00bb\/notre-histoire\u00a0\u00bb button_text=\u00a0\u00bbD\u00e9couvrir notre histoire\u00a0\u00bb button_alignment=\u00a0\u00bbcenter\u00a0\u00bb module_class=\u00a0\u00bbbtn-custom-green hover-green\u00a0\u00bb _builder_version=\u00a0\u00bb3.4.1&Prime; custom_button=\u00a0\u00bbon\u00a0\u00bb button_text_size=\u00a0\u00bb1.1em\u00a0\u00bb button_font=\u00a0\u00bb||||||||\u00a0\u00bb button_use_icon=\u00a0\u00bboff\u00a0\u00bb button_border_radius_hover=\u00a0\u00bb0px\u00a0\u00bb button_letter_spacing_hover=\u00a0\u00bb0px\u00a0\u00bb custom_margin=\u00a0\u00bb10px|||\u00a0\u00bb custom_padding=\u00a0\u00bb|||\u00a0\u00bb custom_css_main_element=\u00a0\u00bbpadding: 0.5em 1em!important;\u00a0\u00bb]<\/p>\n<p>&nbsp;<\/p>\n<p>[\/et_pb_button][\/et_pb_column][\/et_pb_row][\/et_pb_section]<\/p>\n","protected":false},"excerpt":{"rendered":"<p>[et_pb_section bb_built=\u00a0\u00bb1&Prime; admin_label=\u00a0\u00bbHeader\u00a0\u00bb fullwidth=\u00a0\u00bbon\u00a0\u00bb _builder_version=\u00a0\u00bb3.12.2&Prime; background_color=\u00a0\u00bb#b7b9c7&Prime; custom_margin_tablet=\u00a0\u00bb|0px||0px\u00a0\u00bb custom_margin_last_edited=\u00a0\u00bbon|tablet\u00a0\u00bb custom_padding=\u00a0\u00bb0px|0|0px|0px|false|false\u00a0\u00bb next_background_color=\u00a0\u00bb#ffffff\u00a0\u00bb][et_pb_fullwidth_header admin_label=\u00a0\u00bbHeader QUI SOMMES-NOUS\u00a0\u00bb title=\u00a0\u00bbQUI SOMMES-NOUS\u00a0\u00bb subhead=\u00a0\u00bbNotre d\u00e9marche\u00a0\u00bb text_orientation=\u00a0\u00bbcenter\u00a0\u00bb background_overlay_color=\u00a0\u00bbrgba(23,21,8,0.2)\u00a0\u00bb content_max_width=\u00a0\u00bb90%\u00a0\u00bb content_max_width_tablet=\u00a0\u00bb100%\u00a0\u00bb content_max_width_last_edited=\u00a0\u00bbon|desktop\u00a0\u00bb module_class=\u00a0\u00bbhero-sm\u00a0\u00bb _builder_version=\u00a0\u00bb3.12.2&Prime; title_text_align=\u00a0\u00bbcenter\u00a0\u00bb title_font_size_last_edited=\u00a0\u00bbon|tablet\u00a0\u00bb title_line_height=\u00a0\u00bb1.1em\u00a0\u00bb content_font=\u00a0\u00bb|700|||||||\u00a0\u00bb content_text_align=\u00a0\u00bbleft\u00a0\u00bb content_font_size=\u00a0\u00bb32px\u00a0\u00bb subhead_text_align=\u00a0\u00bbcenter\u00a0\u00bb subhead_font_size=\u00a0\u00bb30px\u00a0\u00bb subhead_font_size_phone=\u00a0\u00bb20px\u00a0\u00bb subhead_font_size_last_edited=\u00a0\u00bbon|desktop\u00a0\u00bb subhead_line_height=\u00a0\u00bb2em\u00a0\u00bb subhead_line_height_phone=\u00a0\u00bb1.5em\u00a0\u00bb subhead_line_height_last_edited=\u00a0\u00bbon|phone\u00a0\u00bb background_color=\u00a0\u00bbrgba(255,255,255,0)\u00a0\u00bb use_background_color_gradient=\u00a0\u00bbon\u00a0\u00bb background_color_gradient_start=\u00a0\u00bbrgba(0,0,0,0.35)\u00a0\u00bb background_color_gradient_end=\u00a0\u00bbrgba(0,0,0,0)\u00a0\u00bb background_color_gradient_type=\u00a0\u00bbradial\u00a0\u00bb background_color_gradient_end_position=\u00a0\u00bb62%\u00a0\u00bb background_color_gradient_overlays_image=\u00a0\u00bbon\u00a0\u00bb background_image=\u00a0\u00bbhttps:\/\/atelier-skald.com\/wp-content\/uploads\/2018\/05\/IMG_97181-1.jpg\u00a0\u00bb custom_margin=\u00a0\u00bb|||\u00a0\u00bb custom_margin_tablet=\u00a0\u00bb|0px||0px\u00a0\u00bb custom_margin_last_edited=\u00a0\u00bbon|desktop\u00a0\u00bb custom_padding=\u00a0\u00bb||92px|\u00a0\u00bb custom_padding_tablet=\u00a0\u00bb0px|0px|61px|0px\u00a0\u00bb custom_padding_phone=\u00a0\u00bb0px|0px|45px|0px\u00a0\u00bb custom_padding_last_edited=\u00a0\u00bbon|phone\u00a0\u00bb animation_direction=\u00a0\u00bbtop\u00a0\u00bb] [\/et_pb_fullwidth_header][\/et_pb_section][et_pb_section bb_built=\u00a0\u00bb1&Prime; [&hellip;]<\/p>\n","protected":false},"author":1,"featured_media":0,"parent":0,"menu_order":0,"comment_status":"closed","ping_status":"closed","template":"","meta":{"footnotes":""},"class_list":["post-63","page","type-page","status-publish","hentry"],"_links":{"self":[{"href":"https:\/\/atelier-skald.com\/en\/wp-json\/wp\/v2\/pages\/63","targetHints":{"allow":["GET"]}}],"collection":[{"href":"https:\/\/atelier-skald.com\/en\/wp-json\/wp\/v2\/pages"}],"about":[{"href":"https:\/\/atelier-skald.com\/en\/wp-json\/wp\/v2\/types\/page"}],"author":[{"embeddable":true,"href":"https:\/\/atelier-skald.com\/en\/wp-json\/wp\/v2\/users\/1"}],"replies":[{"embeddable":true,"href":"https:\/\/atelier-skald.com\/en\/wp-json\/wp\/v2\/comments?post=63"}],"version-history":[{"count":160,"href":"https:\/\/atelier-skald.com\/en\/wp-json\/wp\/v2\/pages\/63\/revisions"}],"predecessor-version":[{"id":31778,"href":"https:\/\/atelier-skald.com\/en\/wp-json\/wp\/v2\/pages\/63\/revisions\/31778"}],"wp:attachment":[{"href":"https:\/\/atelier-skald.com\/en\/wp-json\/wp\/v2\/media?parent=63"}],"curies":[{"name":"wp","href":"https:\/\/api.w.org\/{rel}","templated":true}]}}