{"id":65,"date":"2018-04-06T14:34:16","date_gmt":"2018-04-06T12:34:16","guid":{"rendered":"http:\/\/atelier-skald.com\/?page_id=65"},"modified":"2018-09-12T18:46:29","modified_gmt":"2018-09-12T16:46:29","slug":"atelier","status":"publish","type":"page","link":"http:\/\/atelier-skald.com\/en\/atelier\/","title":{"rendered":"Workshop"},"content":{"rendered":"<p>[et_pb_section fb_built=\u00a0\u00bb1&Prime; fullwidth=\u00a0\u00bbon\u00a0\u00bb admin_label=\u00a0\u00bbHeader\u00a0\u00bb _builder_version=\u00a0\u00bb3.6&Prime; background_color=\u00a0\u00bb#b7b9c7&Prime; custom_padding=\u00a0\u00bb0px|0|0|0px|false|false\u00a0\u00bb][et_pb_fullwidth_header title=\u00a0\u00bbL&rsquo;Atelier\u00a0\u00bb subhead=\u00a0\u00bbNotre espace de travail se divise en quatres parties :\u00a0\u00bb text_orientation=\u00a0\u00bbcenter\u00a0\u00bb background_overlay_color=\u00a0\u00bbrgba(23,21,8,0.2)\u00a0\u00bb content_max_width=\u00a0\u00bb90%\u00a0\u00bb admin_label=\u00a0\u00bbHeader L&rsquo;Atelier\u00a0\u00bb module_class=\u00a0\u00bbhero-sm\u00a0\u00bb _builder_version=\u00a0\u00bb3.12.2&Prime; title_font=\u00a0\u00bb|||on|||||\u00a0\u00bb title_text_align=\u00a0\u00bbcenter\u00a0\u00bb title_font_size_last_edited=\u00a0\u00bbon|tablet\u00a0\u00bb title_line_height=\u00a0\u00bb1.1em\u00a0\u00bb content_text_align=\u00a0\u00bbcenter\u00a0\u00bb content_font_size=\u00a0\u00bb32px\u00a0\u00bb subhead_text_align=\u00a0\u00bbcenter\u00a0\u00bb subhead_font_size=\u00a0\u00bb16px\u00a0\u00bb subhead_font_size_phone=\u00a0\u00bb20px\u00a0\u00bb subhead_font_size_last_edited=\u00a0\u00bbon|desktop\u00a0\u00bb subhead_line_height=\u00a0\u00bb2em\u00a0\u00bb subhead_line_height_phone=\u00a0\u00bb1.5em\u00a0\u00bb subhead_line_height_last_edited=\u00a0\u00bbon|phone\u00a0\u00bb background_color=\u00a0\u00bbrgba(255,255,255,0)\u00a0\u00bb use_background_color_gradient=\u00a0\u00bbon\u00a0\u00bb background_color_gradient_start=\u00a0\u00bbrgba(0,0,0,0.35)\u00a0\u00bb background_color_gradient_end=\u00a0\u00bbrgba(0,0,0,0)\u00a0\u00bb background_color_gradient_type=\u00a0\u00bbradial\u00a0\u00bb background_color_gradient_end_position=\u00a0\u00bb62%\u00a0\u00bb background_color_gradient_overlays_image=\u00a0\u00bbon\u00a0\u00bb background_image=\u00a0\u00bbhttps:\/\/atelier-skald.com\/wp-content\/uploads\/2018\/05\/fond-atelier.jpg\u00a0\u00bb background_position=\u00a0\u00bbbottom_center\u00a0\u00bb custom_margin=\u00a0\u00bb|||\u00a0\u00bb custom_padding_last_edited=\u00a0\u00bboff|desktop\u00a0\u00bb animation_direction=\u00a0\u00bbtop\u00a0\u00bb][\/et_pb_fullwidth_header][\/et_pb_section][et_pb_section fb_built=\u00a0\u00bb1&Prime; custom_padding_last_edited=\u00a0\u00bbon|tablet\u00a0\u00bb _builder_version=\u00a0\u00bb3.12.2&Prime; custom_margin_tablet=\u00a0\u00bb60px||0px|\u00a0\u00bb custom_margin_last_edited=\u00a0\u00bbon|tablet\u00a0\u00bb custom_padding=\u00a0\u00bb80px|0px|80px|0px|false|false\u00a0\u00bb custom_padding_tablet=\u00a0\u00bb0px|0px|0px|0px|false|false\u00a0\u00bb][et_pb_row use_custom_gutter=\u00a0\u00bbon\u00a0\u00bb gutter_width=\u00a0\u00bb2&Prime; custom_padding=\u00a0\u00bb0|0px|0|0px|false|false\u00a0\u00bb make_equal=\u00a0\u00bbon\u00a0\u00bb module_class_1=\u00a0\u00bbbox-padding vertical-align\u00a0\u00bb module_class_2=\u00a0\u00bbvertical-align\u00a0\u00bb _builder_version=\u00a0\u00bb3.12.2&Prime; background_size=\u00a0\u00bbinitial\u00a0\u00bb background_position=\u00a0\u00bbtop_left\u00a0\u00bb background_repeat=\u00a0\u00bbrepeat\u00a0\u00bb module_alignment=\u00a0\u00bbcenter\u00a0\u00bb custom_margin_tablet=\u00a0\u00bb||0px|\u00a0\u00bb custom_margin_last_edited=\u00a0\u00bbon|tablet\u00a0\u00bb][et_pb_column type=\u00a0\u00bb1_2&Prime; _builder_version=\u00a0\u00bb3.0.47&Prime; parallax=\u00a0\u00bboff\u00a0\u00bb parallax_method=\u00a0\u00bbon\u00a0\u00bb module_class=\u00a0\u00bbbox-padding vertical-align\u00a0\u00bb][et_pb_divider show_divider=\u00a0\u00bboff\u00a0\u00bb height=\u00a0\u00bb30&Prime; module_class=\u00a0\u00bbdivid-brown\u00a0\u00bb _builder_version=\u00a0\u00bb3.6&Prime; max_width=\u00a0\u00bb10%\u00a0\u00bb module_alignment=\u00a0\u00bbcenter\u00a0\u00bb custom_margin=\u00a0\u00bb0px||30px|\u00a0\u00bb custom_padding=\u00a0\u00bb0px|||\u00a0\u00bb]&nbsp;<br \/>\n[\/et_pb_divider][et_pb_text admin_label=\u00a0\u00bbL&rsquo;ATELIER DE LUTHERIE\u00a0\u00bb module_id=\u00a0\u00bbatelier\u00a0\u00bb _builder_version=\u00a0\u00bb3.12.2&Prime; text_font=\u00a0\u00bbLato|700||on|||||\u00a0\u00bb text_font_size=\u00a0\u00bb26px\u00a0\u00bb header_2_font=\u00a0\u00bb|||on|||||\u00a0\u00bb custom_margin=\u00a0\u00bb||15px|\u00a0\u00bb]<\/p>\n<h2 style=\"text-align: center;\"><strong>L&rsquo;ATELIER DE LUTHERIE<\/strong><\/h2>\n<p>[\/et_pb_text][et_pb_text module_class=\u00a0\u00bbh3-custom\u00a0\u00bb _builder_version=\u00a0\u00bb3.12.2&Prime; text_font=\u00a0\u00bb||||||||\u00a0\u00bb text_line_height=\u00a0\u00bb1.4em\u00a0\u00bb header_text_align=\u00a0\u00bbcenter\u00a0\u00bb text_orientation=\u00a0\u00bbcenter\u00a0\u00bb]C\u2019est l\u00e0 o\u00f9 les lyres naissent\u2026 On y trouve deux types d\u2019outillage :<\/p>\n<p class=\"bullet-padd\" style=\"text-align: center;\">\u2022<\/p>\n<p style=\"text-align: center;\"><span style=\"font-size: 13px;\"><strong>Les outils historiques<\/strong>, reconstitu\u00e9s d\u2019apr\u00e8s des sources arch\u00e9ologiques issues de la p\u00e9riode de l\u2019\u00e2ge du fer au moyen \u00e2ge et que nous utilisons pour fabriquer les instruments arch\u00e9o-compatibles tels que : des gouges, des ciseaux, des scies, des herminettes, des pinces, planes, etc.)<\/span><\/p>\n<p class=\"bullet-padd\" style=\"text-align: center;\">\u2022<\/p>\n<p><strong>Les outils contemporains<\/strong> que nous utilisons pour fabriquer les instruments plus modernes tels que des gouges, des ciseaux, des scies, des herminettes, des pinces, planes, etc., (et oui en 2000 ans, cela a peu \u00e9volu\u00e9) et bien s\u00fbr, quelques outils-machines communs aux m\u00e9tiers du bois.<br \/>\n[\/et_pb_text][\/et_pb_column][et_pb_column type=\u00a0\u00bb1_2&Prime; _builder_version=\u00a0\u00bb3.0.47&Prime; parallax=\u00a0\u00bboff\u00a0\u00bb parallax_method=\u00a0\u00bbon\u00a0\u00bb module_class=\u00a0\u00bbvertical-align\u00a0\u00bb][et_pb_image src=\u00a0\u00bbhttps:\/\/atelier-skald.com\/wp-content\/uploads\/2018\/08\/APS1204-2SP-e1535064706276.jpg\u00a0\u00bb align=\u00a0\u00bbcenter\u00a0\u00bb disabled_on=\u00a0\u00bbon|on|\u00a0\u00bb _builder_version=\u00a0\u00bb3.12.2&Prime;]&nbsp;<br \/>\n[\/et_pb_image][\/et_pb_column][\/et_pb_row][\/et_pb_section][et_pb_section fb_built=\u00a0\u00bb1&Prime; disabled_on=\u00a0\u00bbon|on|\u00a0\u00bb _builder_version=\u00a0\u00bb3.12.2&Prime; background_image=\u00a0\u00bbhttps:\/\/atelier-skald.com\/wp-content\/uploads\/2018\/06\/APS0727-2HD.png\u00a0\u00bb custom_margin_tablet=\u00a0\u00bb0px||0px|\u00a0\u00bb custom_margin_last_edited=\u00a0\u00bbon|tablet\u00a0\u00bb custom_padding=\u00a0\u00bb130px|0px|130px|0px|false|false\u00a0\u00bb][et_pb_row use_custom_gutter=\u00a0\u00bbon\u00a0\u00bb gutter_width=\u00a0\u00bb2&Prime; custom_padding=\u00a0\u00bb0|0px|0|0px|false|false\u00a0\u00bb make_equal=\u00a0\u00bbon\u00a0\u00bb background_color_2=\u00a0\u00bb#ffffff\u00a0\u00bb module_class_1=\u00a0\u00bbvertical-align\u00a0\u00bb module_class_2=\u00a0\u00bbbox-padding vertical-align\u00a0\u00bb _builder_version=\u00a0\u00bb3.12.2&Prime; custom_margin_tablet=\u00a0\u00bb0px||0px|\u00a0\u00bb custom_margin_last_edited=\u00a0\u00bbon|tablet\u00a0\u00bb][et_pb_column type=\u00a0\u00bb1_2&Prime; _builder_version=\u00a0\u00bb3.0.47&Prime; parallax=\u00a0\u00bboff\u00a0\u00bb parallax_method=\u00a0\u00bbon\u00a0\u00bb module_class=\u00a0\u00bbvertical-align\u00a0\u00bb][\/et_pb_column][et_pb_column type=\u00a0\u00bb1_2&Prime; _builder_version=\u00a0\u00bb3.0.47&Prime; background_color=\u00a0\u00bb#ffffff\u00a0\u00bb parallax=\u00a0\u00bboff\u00a0\u00bb parallax_method=\u00a0\u00bbon\u00a0\u00bb module_class=\u00a0\u00bbbox-padding vertical-align\u00a0\u00bb][et_pb_divider show_divider=\u00a0\u00bboff\u00a0\u00bb height=\u00a0\u00bb30&Prime; module_class=\u00a0\u00bbdivid-brown\u00a0\u00bb _builder_version=\u00a0\u00bb3.12.2&Prime; max_width=\u00a0\u00bb10%\u00a0\u00bb module_alignment=\u00a0\u00bbcenter\u00a0\u00bb custom_margin=\u00a0\u00bb30px||30px|\u00a0\u00bb custom_margin_tablet=\u00a0\u00bb0px||0px|\u00a0\u00bb custom_margin_last_edited=\u00a0\u00bbon|tablet\u00a0\u00bb]&nbsp;<br \/>\n[\/et_pb_divider][et_pb_text admin_label=\u00a0\u00bbLA FORGE\u00a0\u00bb _builder_version=\u00a0\u00bb3.6&Prime; text_font=\u00a0\u00bbLato|700||on|||||\u00a0\u00bb text_font_size=\u00a0\u00bb26px\u00a0\u00bb header_2_font=\u00a0\u00bb|||on|||||\u00a0\u00bb custom_margin=\u00a0\u00bb||5px|\u00a0\u00bb]<\/p>\n<h2 style=\"text-align: center;\"><strong>LA FORGE<\/strong><\/h2>\n<p>[\/et_pb_text][et_pb_text module_class=\u00a0\u00bbh3-custom\u00a0\u00bb _builder_version=\u00a0\u00bb3.12.2&Prime; text_line_height=\u00a0\u00bb1.4em\u00a0\u00bb header_text_align=\u00a0\u00bbcenter\u00a0\u00bb text_orientation=\u00a0\u00bbcenter\u00a0\u00bb custom_padding=\u00a0\u00bb40px||40px|\u00a0\u00bb custom_padding_tablet=\u00a0\u00bb20px||20px|\u00a0\u00bb custom_padding_last_edited=\u00a0\u00bbon|tablet\u00a0\u00bb]Cette forge nous permet de r\u00e9aliser nos outils historiques d\u2019apr\u00e8s des fiches typologiques pr\u00e9sentant des outils d\u00e9couverts en fouilles. Ces fiches fournies par les arch\u00e9ologues de notre p\u00f4le de recherche nous permettent de\u00a0<span data-dobid=\"hdw\">concevoir<\/span> notre \u00e9quipement au plus pr\u00e8s de ce qu\u2019il \u00e9tait autrefois et de r\u00e9aliser au mieux, nos instruments arch\u00e9o-compatibles.<br \/>\n[\/et_pb_text][\/et_pb_column][\/et_pb_row][\/et_pb_section][et_pb_section fb_built=\u00a0\u00bb1&Prime; custom_padding_last_edited=\u00a0\u00bbon|desktop\u00a0\u00bb _builder_version=\u00a0\u00bb3.12.2&Prime; custom_margin_tablet=\u00a0\u00bb30px|0px|0px|\u00a0\u00bb custom_margin_last_edited=\u00a0\u00bbon|desktop\u00a0\u00bb custom_padding=\u00a0\u00bb80px|0px|75px|0px\u00a0\u00bb custom_padding_tablet=\u00a0\u00bb0px|0px|0px|0px\u00a0\u00bb][et_pb_row use_custom_gutter=\u00a0\u00bbon\u00a0\u00bb gutter_width=\u00a0\u00bb2&Prime; custom_padding=\u00a0\u00bb0|0px|0|0px|false|false\u00a0\u00bb make_equal=\u00a0\u00bbon\u00a0\u00bb module_class_1=\u00a0\u00bbbox-padding vertical-align\u00a0\u00bb module_class_2=\u00a0\u00bbvertical-align\u00a0\u00bb _builder_version=\u00a0\u00bb3.12.2&Prime; background_size=\u00a0\u00bbinitial\u00a0\u00bb background_position=\u00a0\u00bbtop_left\u00a0\u00bb background_repeat=\u00a0\u00bbrepeat\u00a0\u00bb module_alignment=\u00a0\u00bbcenter\u00a0\u00bb][et_pb_column type=\u00a0\u00bb1_2&Prime; _builder_version=\u00a0\u00bb3.0.47&Prime; parallax=\u00a0\u00bboff\u00a0\u00bb parallax_method=\u00a0\u00bbon\u00a0\u00bb module_class=\u00a0\u00bbbox-padding vertical-align\u00a0\u00bb][et_pb_divider show_divider=\u00a0\u00bboff\u00a0\u00bb height=\u00a0\u00bb30&Prime; module_class=\u00a0\u00bbdivid-brown\u00a0\u00bb _builder_version=\u00a0\u00bb3.6&Prime; max_width=\u00a0\u00bb10%\u00a0\u00bb module_alignment=\u00a0\u00bbcenter\u00a0\u00bb custom_margin=\u00a0\u00bb0px||30px|\u00a0\u00bb]&nbsp;<br \/>\n[\/et_pb_divider][et_pb_text admin_label=\u00a0\u00bbLE SECHOIR A BOIS\u00a0\u00bb _builder_version=\u00a0\u00bb3.6&Prime; text_font=\u00a0\u00bbLato|700||on|||||\u00a0\u00bb text_font_size=\u00a0\u00bb26px\u00a0\u00bb header_2_font=\u00a0\u00bb|||on|||||\u00a0\u00bb custom_margin=\u00a0\u00bb||5px|\u00a0\u00bb]<\/p>\n<h2 style=\"text-align: center;\"><strong>Le s\u00e9choir \u00e0 bois<\/strong><\/h2>\n<p>[\/et_pb_text][et_pb_text module_class=\u00a0\u00bbh3-custom\u00a0\u00bb _builder_version=\u00a0\u00bb3.12.2&Prime; text_line_height=\u00a0\u00bb1.4em\u00a0\u00bb header_text_align=\u00a0\u00bbcenter\u00a0\u00bb text_orientation=\u00a0\u00bbcenter\u00a0\u00bb custom_padding_tablet=\u00a0\u00bb15px|||\u00a0\u00bb custom_padding_last_edited=\u00a0\u00bbon|tablet\u00a0\u00bb]<\/p>\n<p>Cet espace nous permet de s\u00e9cher les essences de bois que nous s\u00e9lectionnons soigneusement parmi des vari\u00e9t\u00e9s locales telles que le fr\u00eane, l\u2019\u00e9rable, le tilleul, l\u2019aulne mais aussi le saule, le bouleau etc.<\/p>\n<p>DEUX ORIGINES POUR NOS BOIS : La premi\u00e8re est celle de notre fournisseur privil\u00e9gi\u00e9 qui proc\u00e8de \u00e0 la coupe en for\u00eat et chez qui nous s\u00e9lectionnons scrupuleusement notre bois. Pour la deuxi\u00e8me, nous proc\u00e9dons nous-m\u00eames au pr\u00e9l\u00e8vement sur pied, directement en for\u00eat ou r\u00e9cup\u00e9rons parfois de beaux sp\u00e9cimens que les temp\u00eates d\u2019hiver ont couch\u00e9. Une fois pr\u00e9lev\u00e9e, la grume est d\u00e9bit\u00e9e en plateaux puis est mise en s\u00e9chage suivant diff\u00e9rents proc\u00e9d\u00e9s selon le type d\u2019instrument, le type d\u2019essence et en fonction des propri\u00e9t\u00e9s acoustiques et m\u00e9caniques voulues et\/ou en fonction des techniques de s\u00e9chage observ\u00e9es dans les sources historiques, si ce bois est destin\u00e9 \u00e0 nos instruments arch\u00e9o-compatibles.<\/p>\n<p>[\/et_pb_text][\/et_pb_column][et_pb_column type=\u00a0\u00bb1_2&Prime; _builder_version=\u00a0\u00bb3.0.47&Prime; parallax=\u00a0\u00bboff\u00a0\u00bb parallax_method=\u00a0\u00bbon\u00a0\u00bb module_class=\u00a0\u00bbvertical-align\u00a0\u00bb][et_pb_image src=\u00a0\u00bbhttps:\/\/atelier-skald.com\/wp-content\/uploads\/2018\/09\/S\u00e9choir-\u00e0-bois-atelier-skald.jpg\u00a0\u00bb align=\u00a0\u00bbcenter\u00a0\u00bb force_fullwidth=\u00a0\u00bbon\u00a0\u00bb disabled_on=\u00a0\u00bbon|on|\u00a0\u00bb _builder_version=\u00a0\u00bb3.12.2&Prime; custom_margin=\u00a0\u00bb70px|0px||0px\u00a0\u00bb custom_padding=\u00a0\u00bb0px|||0px\u00a0\u00bb]&nbsp;<br \/>\n[\/et_pb_image][\/et_pb_column][\/et_pb_row][\/et_pb_section][et_pb_section fb_built=\u00a0\u00bb1&Prime; disabled_on=\u00a0\u00bbon|on|\u00a0\u00bb _builder_version=\u00a0\u00bb3.12.2&Prime; background_image=\u00a0\u00bbhttps:\/\/atelier-skald.com\/wp-content\/uploads\/2018\/08\/livre-biblioteque.jpg\u00a0\u00bb custom_margin_tablet=\u00a0\u00bb0px||0px|\u00a0\u00bb custom_margin_last_edited=\u00a0\u00bbon|tablet\u00a0\u00bb custom_padding=\u00a0\u00bb130px|0px|130px|0px|false|false\u00a0\u00bb][et_pb_row use_custom_gutter=\u00a0\u00bbon\u00a0\u00bb gutter_width=\u00a0\u00bb2&Prime; custom_padding=\u00a0\u00bb0|0px|0|0px|false|false\u00a0\u00bb make_equal=\u00a0\u00bbon\u00a0\u00bb background_color_2=\u00a0\u00bb#ffffff\u00a0\u00bb module_class_1=\u00a0\u00bbvertical-align\u00a0\u00bb module_class_2=\u00a0\u00bbbox-padding vertical-align\u00a0\u00bb _builder_version=\u00a0\u00bb3.12.2&Prime;][et_pb_column type=\u00a0\u00bb1_2&Prime; _builder_version=\u00a0\u00bb3.0.47&Prime; parallax=\u00a0\u00bboff\u00a0\u00bb parallax_method=\u00a0\u00bbon\u00a0\u00bb module_class=\u00a0\u00bbvertical-align\u00a0\u00bb][\/et_pb_column][et_pb_column type=\u00a0\u00bb1_2&Prime; _builder_version=\u00a0\u00bb3.0.47&Prime; background_color=\u00a0\u00bb#ffffff\u00a0\u00bb parallax=\u00a0\u00bboff\u00a0\u00bb parallax_method=\u00a0\u00bbon\u00a0\u00bb module_class=\u00a0\u00bbbox-padding vertical-align\u00a0\u00bb][et_pb_divider show_divider=\u00a0\u00bboff\u00a0\u00bb height=\u00a0\u00bb30&Prime; module_class=\u00a0\u00bbdivid-brown\u00a0\u00bb _builder_version=\u00a0\u00bb3.12.2&Prime; max_width=\u00a0\u00bb10%\u00a0\u00bb module_alignment=\u00a0\u00bbcenter\u00a0\u00bb custom_margin=\u00a0\u00bb30px||30px|\u00a0\u00bb]&nbsp;<br \/>\n[\/et_pb_divider][et_pb_text admin_label=\u00a0\u00bbLA BIBLIOTH\u00c8QUE ET NOTRE BASE DE DONN\u00c9ES\u00a0\u00bb _builder_version=\u00a0\u00bb3.6&Prime; text_font=\u00a0\u00bbLato|700||on|||||\u00a0\u00bb text_font_size=\u00a0\u00bb26px\u00a0\u00bb header_2_font=\u00a0\u00bb|||on|||||\u00a0\u00bb custom_margin=\u00a0\u00bb||5px|\u00a0\u00bb]<\/p>\n<h2 style=\"text-align: center;\"><strong>LA BIBLIOTH\u00c8QUE ET NOTRE BASE DE DONN\u00c9ES<\/strong><\/h2>\n<p>[\/et_pb_text][et_pb_text module_class=\u00a0\u00bbh3-custom\u00a0\u00bb _builder_version=\u00a0\u00bb3.11.1&Prime; text_line_height=\u00a0\u00bb1.4em\u00a0\u00bb header_text_align=\u00a0\u00bbcenter\u00a0\u00bb text_orientation=\u00a0\u00bbcenter\u00a0\u00bb custom_padding=\u00a0\u00bb40px||40px|\u00a0\u00bb]C\u00e9sar, Strabon, Posidonius ou encore B\u00e8de le v\u00e9n\u00e9rable et Gr\u00e9goire de Tour en passant par Snorri Sturluson et Saxo Gramaticus&#8230; Dans la biblioth\u00e8que se c\u00f4toient les auteurs antiques et les rapports arch\u00e9ologiques. Rassemblant plus de 10ans de recherche, nos bases de donn\u00e9es physiques et num\u00e9riques repr\u00e9sentent le socle de nos sources, de nos recherches et de nos travaux.<br \/>\n[\/et_pb_text][\/et_pb_column][\/et_pb_row][\/et_pb_section][et_pb_section fb_built=\u00a0\u00bb1&Prime; custom_padding_last_edited=\u00a0\u00bbon|tablet\u00a0\u00bb disabled_on=\u00a0\u00bb||on\u00a0\u00bb _builder_version=\u00a0\u00bb3.12.2&Prime; custom_margin_tablet=\u00a0\u00bb0px||15px|\u00a0\u00bb custom_margin_last_edited=\u00a0\u00bbon|tablet\u00a0\u00bb custom_padding=\u00a0\u00bb130px|0px|130px|0px|false|false\u00a0\u00bb custom_padding_tablet=\u00a0\u00bb0px|0px|0px|0px\u00a0\u00bb][et_pb_row use_custom_gutter=\u00a0\u00bbon\u00a0\u00bb gutter_width=\u00a0\u00bb2&Prime; custom_padding=\u00a0\u00bb0|0px|0|0px|false|false\u00a0\u00bb make_equal=\u00a0\u00bbon\u00a0\u00bb background_color_2=\u00a0\u00bb#ffffff\u00a0\u00bb module_class_1=\u00a0\u00bbvertical-align\u00a0\u00bb module_class_2=\u00a0\u00bbbox-padding vertical-align\u00a0\u00bb _builder_version=\u00a0\u00bb3.12.2&Prime; custom_margin_tablet=\u00a0\u00bb0px||0px|\u00a0\u00bb custom_margin_last_edited=\u00a0\u00bbon|tablet\u00a0\u00bb][et_pb_column type=\u00a0\u00bb1_2&Prime; _builder_version=\u00a0\u00bb3.0.47&Prime; parallax=\u00a0\u00bboff\u00a0\u00bb parallax_method=\u00a0\u00bbon\u00a0\u00bb module_class=\u00a0\u00bbvertical-align\u00a0\u00bb][\/et_pb_column][et_pb_column type=\u00a0\u00bb1_2&Prime; _builder_version=\u00a0\u00bb3.0.47&Prime; background_color=\u00a0\u00bb#ffffff\u00a0\u00bb parallax=\u00a0\u00bboff\u00a0\u00bb parallax_method=\u00a0\u00bbon\u00a0\u00bb module_class=\u00a0\u00bbbox-padding vertical-align\u00a0\u00bb][et_pb_divider show_divider=\u00a0\u00bboff\u00a0\u00bb height=\u00a0\u00bb30&Prime; admin_label=\u00a0\u00bbS\u00e9parateur MOBILE\u00a0\u00bb module_class=\u00a0\u00bbdivid-brown\u00a0\u00bb _builder_version=\u00a0\u00bb3.12.2&Prime; max_width=\u00a0\u00bb10%\u00a0\u00bb module_alignment=\u00a0\u00bbcenter\u00a0\u00bb custom_margin=\u00a0\u00bb0px||30px|\u00a0\u00bb]&nbsp;<br \/>\n[\/et_pb_divider][et_pb_text admin_label=\u00a0\u00bbLA BIBLIOTH\u00c8QUE ET NOTRE BASE DE DONN\u00c9ES\u00a0\u00bb _builder_version=\u00a0\u00bb3.6&Prime; text_font=\u00a0\u00bbLato|700||on|||||\u00a0\u00bb text_font_size=\u00a0\u00bb26px\u00a0\u00bb header_2_font=\u00a0\u00bb|||on|||||\u00a0\u00bb custom_margin=\u00a0\u00bb||5px|\u00a0\u00bb]<\/p>\n<h2 style=\"text-align: center;\"><strong>LA BIBLIOTH\u00c8QUE ET NOTRE BASE DE DONN\u00c9ES<\/strong><\/h2>\n<p>[\/et_pb_text][et_pb_text module_class=\u00a0\u00bbh3-custom\u00a0\u00bb _builder_version=\u00a0\u00bb3.12.2&Prime; text_line_height=\u00a0\u00bb1.4em\u00a0\u00bb header_text_align=\u00a0\u00bbcenter\u00a0\u00bb text_orientation=\u00a0\u00bbcenter\u00a0\u00bb custom_padding=\u00a0\u00bb15px||40px|\u00a0\u00bb]C\u00e9sar, Strabon, Posidonius ou encore B\u00e8de le v\u00e9n\u00e9rable et Gr\u00e9goire de Tour en passant par Snorri Sturluson et Saxo Gramaticus&#8230; Dans la biblioth\u00e8que se c\u00f4toient les auteurs antiques et les rapports arch\u00e9ologiques. Rassemblant plus de 10ans de recherche, nos bases de donn\u00e9es physiques et num\u00e9riques repr\u00e9sentent le socle de nos sources, de nos recherches et de nos travaux.<br \/>\n[\/et_pb_text][\/et_pb_column][\/et_pb_row][\/et_pb_section]<\/p>\n","protected":false},"excerpt":{"rendered":"<p>[et_pb_section fb_built=\u00a0\u00bb1&Prime; fullwidth=\u00a0\u00bbon\u00a0\u00bb admin_label=\u00a0\u00bbHeader\u00a0\u00bb _builder_version=\u00a0\u00bb3.6&Prime; background_color=\u00a0\u00bb#b7b9c7&Prime; custom_padding=\u00a0\u00bb0px|0|0|0px|false|false\u00a0\u00bb][et_pb_fullwidth_header title=\u00a0\u00bbL&rsquo;Atelier\u00a0\u00bb subhead=\u00a0\u00bbNotre espace de travail se divise en quatres parties :\u00a0\u00bb text_orientation=\u00a0\u00bbcenter\u00a0\u00bb background_overlay_color=\u00a0\u00bbrgba(23,21,8,0.2)\u00a0\u00bb content_max_width=\u00a0\u00bb90%\u00a0\u00bb admin_label=\u00a0\u00bbHeader L&rsquo;Atelier\u00a0\u00bb module_class=\u00a0\u00bbhero-sm\u00a0\u00bb _builder_version=\u00a0\u00bb3.12.2&Prime; title_font=\u00a0\u00bb|||on|||||\u00a0\u00bb title_text_align=\u00a0\u00bbcenter\u00a0\u00bb title_font_size_last_edited=\u00a0\u00bbon|tablet\u00a0\u00bb title_line_height=\u00a0\u00bb1.1em\u00a0\u00bb content_text_align=\u00a0\u00bbcenter\u00a0\u00bb content_font_size=\u00a0\u00bb32px\u00a0\u00bb subhead_text_align=\u00a0\u00bbcenter\u00a0\u00bb subhead_font_size=\u00a0\u00bb16px\u00a0\u00bb subhead_font_size_phone=\u00a0\u00bb20px\u00a0\u00bb subhead_font_size_last_edited=\u00a0\u00bbon|desktop\u00a0\u00bb subhead_line_height=\u00a0\u00bb2em\u00a0\u00bb subhead_line_height_phone=\u00a0\u00bb1.5em\u00a0\u00bb subhead_line_height_last_edited=\u00a0\u00bbon|phone\u00a0\u00bb background_color=\u00a0\u00bbrgba(255,255,255,0)\u00a0\u00bb use_background_color_gradient=\u00a0\u00bbon\u00a0\u00bb background_color_gradient_start=\u00a0\u00bbrgba(0,0,0,0.35)\u00a0\u00bb background_color_gradient_end=\u00a0\u00bbrgba(0,0,0,0)\u00a0\u00bb background_color_gradient_type=\u00a0\u00bbradial\u00a0\u00bb background_color_gradient_end_position=\u00a0\u00bb62%\u00a0\u00bb background_color_gradient_overlays_image=\u00a0\u00bbon\u00a0\u00bb background_image=\u00a0\u00bbhttps:\/\/atelier-skald.com\/wp-content\/uploads\/2018\/05\/fond-atelier.jpg\u00a0\u00bb background_position=\u00a0\u00bbbottom_center\u00a0\u00bb custom_margin=\u00a0\u00bb|||\u00a0\u00bb custom_padding_last_edited=\u00a0\u00bboff|desktop\u00a0\u00bb animation_direction=\u00a0\u00bbtop\u00a0\u00bb][\/et_pb_fullwidth_header][\/et_pb_section][et_pb_section fb_built=\u00a0\u00bb1&Prime; custom_padding_last_edited=\u00a0\u00bbon|tablet\u00a0\u00bb _builder_version=\u00a0\u00bb3.12.2&Prime; custom_margin_tablet=\u00a0\u00bb60px||0px|\u00a0\u00bb custom_margin_last_edited=\u00a0\u00bbon|tablet\u00a0\u00bb [&hellip;]<\/p>\n","protected":false},"author":1,"featured_media":0,"parent":0,"menu_order":0,"comment_status":"closed","ping_status":"closed","template":"","meta":{"footnotes":""},"class_list":["post-65","page","type-page","status-publish","hentry"],"_links":{"self":[{"href":"http:\/\/atelier-skald.com\/en\/wp-json\/wp\/v2\/pages\/65","targetHints":{"allow":["GET"]}}],"collection":[{"href":"http:\/\/atelier-skald.com\/en\/wp-json\/wp\/v2\/pages"}],"about":[{"href":"http:\/\/atelier-skald.com\/en\/wp-json\/wp\/v2\/types\/page"}],"author":[{"embeddable":true,"href":"http:\/\/atelier-skald.com\/en\/wp-json\/wp\/v2\/users\/1"}],"replies":[{"embeddable":true,"href":"http:\/\/atelier-skald.com\/en\/wp-json\/wp\/v2\/comments?post=65"}],"version-history":[{"count":78,"href":"http:\/\/atelier-skald.com\/en\/wp-json\/wp\/v2\/pages\/65\/revisions"}],"predecessor-version":[{"id":31798,"href":"http:\/\/atelier-skald.com\/en\/wp-json\/wp\/v2\/pages\/65\/revisions\/31798"}],"wp:attachment":[{"href":"http:\/\/atelier-skald.com\/en\/wp-json\/wp\/v2\/media?parent=65"}],"curies":[{"name":"wp","href":"https:\/\/api.w.org\/{rel}","templated":true}]}}