{"id":30197,"date":"2018-07-11T00:16:52","date_gmt":"2018-07-10T22:16:52","guid":{"rendered":"http:\/\/atelier-skald.com\/?page_id=30197"},"modified":"2018-08-24T01:43:36","modified_gmt":"2018-08-23T23:43:36","slug":"masterclass","status":"publish","type":"page","link":"http:\/\/atelier-skald.com\/en\/prestations\/masterclass\/","title":{"rendered":"MasterClass"},"content":{"rendered":"<p>[et_pb_section bb_built=\u00a0\u00bb1&Prime; admin_label=\u00a0\u00bbHeader\u00a0\u00bb fullwidth=\u00a0\u00bbon\u00a0\u00bb _builder_version=\u00a0\u00bb3.6&Prime; background_color=\u00a0\u00bb#b7b9c7&Prime; custom_padding=\u00a0\u00bb0px|0|0|0px|false|false\u00a0\u00bb next_background_color=\u00a0\u00bb#ffffff\u00a0\u00bb][et_pb_fullwidth_header admin_label=\u00a0\u00bbMasterClass\u00a0\u00bb text_orientation=\u00a0\u00bbcenter\u00a0\u00bb background_overlay_color=\u00a0\u00bbrgba(23,21,8,0.2)\u00a0\u00bb content_max_width=\u00a0\u00bb90%\u00a0\u00bb _builder_version=\u00a0\u00bb3.9&Prime; title_text_align=\u00a0\u00bbcenter\u00a0\u00bb title_font_size_last_edited=\u00a0\u00bbon|desktop\u00a0\u00bb title_line_height=\u00a0\u00bb1.1em\u00a0\u00bb content_font=\u00a0\u00bb|700|||||||\u00a0\u00bb content_text_align=\u00a0\u00bbleft\u00a0\u00bb content_font_size=\u00a0\u00bb32px\u00a0\u00bb subhead_text_align=\u00a0\u00bbcenter\u00a0\u00bb subhead_font_size=\u00a0\u00bb30px\u00a0\u00bb subhead_font_size_phone=\u00a0\u00bb20px\u00a0\u00bb subhead_font_size_last_edited=\u00a0\u00bbon|desktop\u00a0\u00bb subhead_line_height=\u00a0\u00bb2em\u00a0\u00bb subhead_line_height_phone=\u00a0\u00bb1.5em\u00a0\u00bb subhead_line_height_last_edited=\u00a0\u00bbon|phone\u00a0\u00bb background_color=\u00a0\u00bbrgba(255,255,255,0)\u00a0\u00bb background_image=\u00a0\u00bbhttps:\/\/atelier-skald.com\/wp-content\/uploads\/2018\/05\/APS5631-2HDbm.png\u00a0\u00bb background_position=\u00a0\u00bbbottom_center\u00a0\u00bb custom_margin=\u00a0\u00bb|||\u00a0\u00bb custom_padding=\u00a0\u00bb100px||100px|\u00a0\u00bb custom_padding_last_edited=\u00a0\u00bboff|desktop\u00a0\u00bb animation_style=\u00a0\u00bbfade\u00a0\u00bb animation_direction=\u00a0\u00bbtop\u00a0\u00bb]<br \/>\n[\/et_pb_fullwidth_header][\/et_pb_section][et_pb_section bb_built=\u00a0\u00bb1&Prime; _builder_version=\u00a0\u00bb3.0.47&Prime; prev_background_color=\u00a0\u00bb#b7b9c7&Prime;][et_pb_row _builder_version=\u00a0\u00bb3.0.48&Prime; background_size=\u00a0\u00bbinitial\u00a0\u00bb background_position=\u00a0\u00bbtop_left\u00a0\u00bb background_repeat=\u00a0\u00bbrepeat\u00a0\u00bb][et_pb_column type=\u00a0\u00bb4_4&Prime;][et_pb_text _builder_version=\u00a0\u00bb3.9&Prime;]<\/p>\n<h2>MasterClass<\/h2>\n<p>&nbsp;<\/p>\n<div class=\"et_pb_module et_pb_text et_pb_text_15 h3-custom et_pb_bg_layout_light et_pb_text_align_center\">\n<div class=\"et_pb_text_inner\">\n<p style=\"text-align: left;\">Une fois par mois, l\u2019Atelier Skald propose des masterclass, au sein m\u00eame de son atelier \u00e0 Kerpert (22).<\/p>\n<p style=\"text-align: left;\">Il est destin\u00e9 aux d\u00e9butants comme aux plus exp\u00e9riment\u00e9s, de 7 \u00e0 97 ans!<\/p>\n<p style=\"text-align: left;\">N\u2019h\u00e9sitez pas \u00e0 vous inscrire par avance, le nombre de places est limit\u00e9 c\u2019est donc pr\u00e9f\u00e9rable de r\u00e9server.<\/p>\n<p style=\"text-align: left;\">Nous y abordons des th\u00e9matiques adapt\u00e9es au niveau de chacun avec une approche individuelle.<\/p>\n<\/div>\n<\/div>\n<p>Exemple de th\u00e8mes : l\u2019accompagnement pour les conteurs, un travail autour de l\u2019improvisation pour les concertistes, nous pourrons aborder la place et la fonction de la musique \u00e0 travers les \u00e2ges pour ceux qui l\u2019utilisent en contexte de reconstitution, ou pour la m\u00e9diation du patrimoine ou encore, nous pourrons aborder la musique des sph\u00e8res ainsi que les diff\u00e9rentes fr\u00e9quences, leurs effets pour les th\u00e9rapeutes etc\u2026<\/p>\n<p>Si les stagiaires sont d\u00e9butants, cela consistera en une initiation d\u00e9couverte aux diff\u00e9rentes lyres pratiqu\u00e9es en Europe de l\u2019\u00c2ge du Fer au Moyen-\u00e2ge doubl\u00e9e par une visite d\u2019atelier.<\/p>\n<p>[\/et_pb_text][et_pb_button admin_label=\u00a0\u00bbBouton retour presta\u00a0\u00bb button_url=\u00a0\u00bb\/prestations\u00a0\u00bb button_text=\u00a0\u00bbRetour aux prestations\u00a0\u00bb button_alignment=\u00a0\u00bbcenter\u00a0\u00bb module_class=\u00a0\u00bbbtn-custom btn-back btn-return\u00a0\u00bb _builder_version=\u00a0\u00bb3.12.2&Prime; custom_button=\u00a0\u00bbon\u00a0\u00bb button_text_size=\u00a0\u00bb14&Prime; button_border_width=\u00a0\u00bb1&Prime; button_use_icon=\u00a0\u00bboff\u00a0\u00bb button_bg_color_hover=\u00a0\u00bbrgba(0,0,0,0)\u00a0\u00bb custom_margin=\u00a0\u00bb3.5em|||\u00a0\u00bb custom_padding=\u00a0\u00bb0.5em|0.5em|0.5em|0.5em\u00a0\u00bb]<br \/>\n[\/et_pb_button][\/et_pb_column][\/et_pb_row][\/et_pb_section]<\/p>\n","protected":false},"excerpt":{"rendered":"<p>[et_pb_section bb_built=\u00a0\u00bb1&Prime; admin_label=\u00a0\u00bbHeader\u00a0\u00bb fullwidth=\u00a0\u00bbon\u00a0\u00bb _builder_version=\u00a0\u00bb3.6&Prime; background_color=\u00a0\u00bb#b7b9c7&Prime; custom_padding=\u00a0\u00bb0px|0|0|0px|false|false\u00a0\u00bb next_background_color=\u00a0\u00bb#ffffff\u00a0\u00bb][et_pb_fullwidth_header admin_label=\u00a0\u00bbMasterClass\u00a0\u00bb text_orientation=\u00a0\u00bbcenter\u00a0\u00bb background_overlay_color=\u00a0\u00bbrgba(23,21,8,0.2)\u00a0\u00bb content_max_width=\u00a0\u00bb90%\u00a0\u00bb _builder_version=\u00a0\u00bb3.9&Prime; title_text_align=\u00a0\u00bbcenter\u00a0\u00bb title_font_size_last_edited=\u00a0\u00bbon|desktop\u00a0\u00bb title_line_height=\u00a0\u00bb1.1em\u00a0\u00bb content_font=\u00a0\u00bb|700|||||||\u00a0\u00bb content_text_align=\u00a0\u00bbleft\u00a0\u00bb content_font_size=\u00a0\u00bb32px\u00a0\u00bb subhead_text_align=\u00a0\u00bbcenter\u00a0\u00bb subhead_font_size=\u00a0\u00bb30px\u00a0\u00bb subhead_font_size_phone=\u00a0\u00bb20px\u00a0\u00bb subhead_font_size_last_edited=\u00a0\u00bbon|desktop\u00a0\u00bb subhead_line_height=\u00a0\u00bb2em\u00a0\u00bb subhead_line_height_phone=\u00a0\u00bb1.5em\u00a0\u00bb subhead_line_height_last_edited=\u00a0\u00bbon|phone\u00a0\u00bb background_color=\u00a0\u00bbrgba(255,255,255,0)\u00a0\u00bb background_image=\u00a0\u00bbhttps:\/\/atelier-skald.com\/wp-content\/uploads\/2018\/05\/APS5631-2HDbm.png\u00a0\u00bb background_position=\u00a0\u00bbbottom_center\u00a0\u00bb custom_margin=\u00a0\u00bb|||\u00a0\u00bb custom_padding=\u00a0\u00bb100px||100px|\u00a0\u00bb custom_padding_last_edited=\u00a0\u00bboff|desktop\u00a0\u00bb animation_style=\u00a0\u00bbfade\u00a0\u00bb animation_direction=\u00a0\u00bbtop\u00a0\u00bb] [\/et_pb_fullwidth_header][\/et_pb_section][et_pb_section bb_built=\u00a0\u00bb1&Prime; _builder_version=\u00a0\u00bb3.0.47&Prime; prev_background_color=\u00a0\u00bb#b7b9c7&Prime;][et_pb_row _builder_version=\u00a0\u00bb3.0.48&Prime; background_size=\u00a0\u00bbinitial\u00a0\u00bb background_position=\u00a0\u00bbtop_left\u00a0\u00bb background_repeat=\u00a0\u00bbrepeat\u00a0\u00bb][et_pb_column type=\u00a0\u00bb4_4&Prime;][et_pb_text _builder_version=\u00a0\u00bb3.9&Prime;] MasterClass &nbsp; Une fois par mois, l\u2019Atelier Skald propose des masterclass, [&hellip;]<\/p>\n","protected":false},"author":1,"featured_media":0,"parent":69,"menu_order":0,"comment_status":"closed","ping_status":"closed","template":"","meta":{"footnotes":""},"class_list":["post-30197","page","type-page","status-publish","hentry"],"_links":{"self":[{"href":"http:\/\/atelier-skald.com\/en\/wp-json\/wp\/v2\/pages\/30197","targetHints":{"allow":["GET"]}}],"collection":[{"href":"http:\/\/atelier-skald.com\/en\/wp-json\/wp\/v2\/pages"}],"about":[{"href":"http:\/\/atelier-skald.com\/en\/wp-json\/wp\/v2\/types\/page"}],"author":[{"embeddable":true,"href":"http:\/\/atelier-skald.com\/en\/wp-json\/wp\/v2\/users\/1"}],"replies":[{"embeddable":true,"href":"http:\/\/atelier-skald.com\/en\/wp-json\/wp\/v2\/comments?post=30197"}],"version-history":[{"count":6,"href":"http:\/\/atelier-skald.com\/en\/wp-json\/wp\/v2\/pages\/30197\/revisions"}],"predecessor-version":[{"id":31738,"href":"http:\/\/atelier-skald.com\/en\/wp-json\/wp\/v2\/pages\/30197\/revisions\/31738"}],"up":[{"embeddable":true,"href":"http:\/\/atelier-skald.com\/en\/wp-json\/wp\/v2\/pages\/69"}],"wp:attachment":[{"href":"http:\/\/atelier-skald.com\/en\/wp-json\/wp\/v2\/media?parent=30197"}],"curies":[{"name":"wp","href":"https:\/\/api.w.org\/{rel}","templated":true}]}}