{"id":30184,"date":"2018-07-11T00:11:26","date_gmt":"2018-07-10T22:11:26","guid":{"rendered":"http:\/\/atelier-skald.com\/?page_id=30184"},"modified":"2018-08-24T01:44:15","modified_gmt":"2018-08-23T23:44:15","slug":"visite-de-latelier-avec-demonstration","status":"publish","type":"page","link":"http:\/\/atelier-skald.com\/en\/prestations\/visite-de-latelier-avec-demonstration\/","title":{"rendered":"Visite de l&rsquo;atelier avec d\u00e9monstration"},"content":{"rendered":"<p>[et_pb_section bb_built=\u00a0\u00bb1&Prime; admin_label=\u00a0\u00bbHeader\u00a0\u00bb fullwidth=\u00a0\u00bbon\u00a0\u00bb _builder_version=\u00a0\u00bb3.6&Prime; background_color=\u00a0\u00bb#b7b9c7&Prime; custom_padding=\u00a0\u00bb0px|0|0|0px|false|false\u00a0\u00bb next_background_color=\u00a0\u00bb#ffffff\u00a0\u00bb][et_pb_fullwidth_header admin_label=\u00a0\u00bbVisite de l&rsquo;atelier avec d\u00e9monstration\u00a0\u00bb text_orientation=\u00a0\u00bbcenter\u00a0\u00bb background_overlay_color=\u00a0\u00bbrgba(23,21,8,0.2)\u00a0\u00bb content_max_width=\u00a0\u00bb90%\u00a0\u00bb _builder_version=\u00a0\u00bb3.9&Prime; title_text_align=\u00a0\u00bbcenter\u00a0\u00bb title_font_size_last_edited=\u00a0\u00bbon|desktop\u00a0\u00bb title_line_height=\u00a0\u00bb1.1em\u00a0\u00bb content_font=\u00a0\u00bb|700|||||||\u00a0\u00bb content_text_align=\u00a0\u00bbleft\u00a0\u00bb content_font_size=\u00a0\u00bb32px\u00a0\u00bb subhead_text_align=\u00a0\u00bbcenter\u00a0\u00bb subhead_font_size=\u00a0\u00bb30px\u00a0\u00bb subhead_font_size_phone=\u00a0\u00bb20px\u00a0\u00bb subhead_font_size_last_edited=\u00a0\u00bbon|desktop\u00a0\u00bb subhead_line_height=\u00a0\u00bb2em\u00a0\u00bb subhead_line_height_phone=\u00a0\u00bb1.5em\u00a0\u00bb subhead_line_height_last_edited=\u00a0\u00bbon|phone\u00a0\u00bb background_color=\u00a0\u00bbrgba(255,255,255,0)\u00a0\u00bb background_image=\u00a0\u00bbhttps:\/\/atelier-skald.com\/wp-content\/uploads\/2018\/05\/APS5631-2HDbm.png\u00a0\u00bb background_position=\u00a0\u00bbbottom_center\u00a0\u00bb custom_margin=\u00a0\u00bb|||\u00a0\u00bb custom_padding=\u00a0\u00bb100px||100px|\u00a0\u00bb custom_padding_last_edited=\u00a0\u00bboff|desktop\u00a0\u00bb animation_style=\u00a0\u00bbfade\u00a0\u00bb animation_direction=\u00a0\u00bbtop\u00a0\u00bb]<br \/>\n[\/et_pb_fullwidth_header][\/et_pb_section][et_pb_section bb_built=\u00a0\u00bb1&Prime; _builder_version=\u00a0\u00bb3.0.47&Prime; prev_background_color=\u00a0\u00bb#b7b9c7&Prime;][et_pb_row _builder_version=\u00a0\u00bb3.0.48&Prime; background_size=\u00a0\u00bbinitial\u00a0\u00bb background_position=\u00a0\u00bbtop_left\u00a0\u00bb background_repeat=\u00a0\u00bbrepeat\u00a0\u00bb][et_pb_column type=\u00a0\u00bb4_4&Prime;][et_pb_text _builder_version=\u00a0\u00bb3.9&Prime;]<\/p>\n<h2>Visite de l&rsquo;atelier avec d\u00e9monstration<\/h2>\n<p>&nbsp;<\/p>\n<div class=\"et_pb_module et_pb_text et_pb_text_5 h3-custom et_pb_bg_layout_light et_pb_text_align_center\">\n<div class=\"et_pb_text_inner\">\n<p style=\"text-align: left;\">Chaque ann\u00e9e, nous proposons des portes ouvertes (voir agenda) permettant au public de d\u00e9couvrir notre d\u00e9marche ainsi que notre atelier.<\/p>\n<p style=\"text-align: left;\">Lors de cette visite, nous nous ferons un plaisir de r\u00e9pondre \u00e0 vos questions relatives aux diff\u00e9rente facettes de notre m\u00e9tier et nous terminerons autour d\u2019un verre de cidre ou de jus de pomme par une pr\u00e9sentation musicale des diff\u00e9rentes lyres pratiqu\u00e9es de l\u2019\u00c2ge du Fer au moyen-\u00c2ge.<\/p>\n<\/div>\n<\/div>\n<p>[\/et_pb_text][et_pb_button admin_label=\u00a0\u00bbBouton retour presta\u00a0\u00bb button_url=\u00a0\u00bb\/prestations\u00a0\u00bb button_text=\u00a0\u00bbRetour aux prestations\u00a0\u00bb button_alignment=\u00a0\u00bbcenter\u00a0\u00bb module_class=\u00a0\u00bbbtn-custom btn-back btn-return\u00a0\u00bb _builder_version=\u00a0\u00bb3.12.2&Prime; custom_button=\u00a0\u00bbon\u00a0\u00bb button_text_size=\u00a0\u00bb14&Prime; button_border_width=\u00a0\u00bb1&Prime; button_use_icon=\u00a0\u00bboff\u00a0\u00bb button_bg_color_hover=\u00a0\u00bbrgba(0,0,0,0)\u00a0\u00bb custom_margin=\u00a0\u00bb3.5em|||\u00a0\u00bb custom_padding=\u00a0\u00bb0.5em|0.5em|0.5em|0.5em\u00a0\u00bb]<br \/>\n[\/et_pb_button][\/et_pb_column][\/et_pb_row][\/et_pb_section]<\/p>\n","protected":false},"excerpt":{"rendered":"<p>[et_pb_section bb_built=\u00a0\u00bb1&Prime; admin_label=\u00a0\u00bbHeader\u00a0\u00bb fullwidth=\u00a0\u00bbon\u00a0\u00bb _builder_version=\u00a0\u00bb3.6&Prime; background_color=\u00a0\u00bb#b7b9c7&Prime; custom_padding=\u00a0\u00bb0px|0|0|0px|false|false\u00a0\u00bb next_background_color=\u00a0\u00bb#ffffff\u00a0\u00bb][et_pb_fullwidth_header admin_label=\u00a0\u00bbVisite de l&rsquo;atelier avec d\u00e9monstration\u00a0\u00bb text_orientation=\u00a0\u00bbcenter\u00a0\u00bb background_overlay_color=\u00a0\u00bbrgba(23,21,8,0.2)\u00a0\u00bb content_max_width=\u00a0\u00bb90%\u00a0\u00bb _builder_version=\u00a0\u00bb3.9&Prime; title_text_align=\u00a0\u00bbcenter\u00a0\u00bb title_font_size_last_edited=\u00a0\u00bbon|desktop\u00a0\u00bb title_line_height=\u00a0\u00bb1.1em\u00a0\u00bb content_font=\u00a0\u00bb|700|||||||\u00a0\u00bb content_text_align=\u00a0\u00bbleft\u00a0\u00bb content_font_size=\u00a0\u00bb32px\u00a0\u00bb subhead_text_align=\u00a0\u00bbcenter\u00a0\u00bb subhead_font_size=\u00a0\u00bb30px\u00a0\u00bb subhead_font_size_phone=\u00a0\u00bb20px\u00a0\u00bb subhead_font_size_last_edited=\u00a0\u00bbon|desktop\u00a0\u00bb subhead_line_height=\u00a0\u00bb2em\u00a0\u00bb subhead_line_height_phone=\u00a0\u00bb1.5em\u00a0\u00bb subhead_line_height_last_edited=\u00a0\u00bbon|phone\u00a0\u00bb background_color=\u00a0\u00bbrgba(255,255,255,0)\u00a0\u00bb background_image=\u00a0\u00bbhttps:\/\/atelier-skald.com\/wp-content\/uploads\/2018\/05\/APS5631-2HDbm.png\u00a0\u00bb background_position=\u00a0\u00bbbottom_center\u00a0\u00bb custom_margin=\u00a0\u00bb|||\u00a0\u00bb custom_padding=\u00a0\u00bb100px||100px|\u00a0\u00bb custom_padding_last_edited=\u00a0\u00bboff|desktop\u00a0\u00bb animation_style=\u00a0\u00bbfade\u00a0\u00bb animation_direction=\u00a0\u00bbtop\u00a0\u00bb] [\/et_pb_fullwidth_header][\/et_pb_section][et_pb_section bb_built=\u00a0\u00bb1&Prime; _builder_version=\u00a0\u00bb3.0.47&Prime; prev_background_color=\u00a0\u00bb#b7b9c7&Prime;][et_pb_row _builder_version=\u00a0\u00bb3.0.48&Prime; background_size=\u00a0\u00bbinitial\u00a0\u00bb background_position=\u00a0\u00bbtop_left\u00a0\u00bb background_repeat=\u00a0\u00bbrepeat\u00a0\u00bb][et_pb_column type=\u00a0\u00bb4_4&Prime;][et_pb_text _builder_version=\u00a0\u00bb3.9&Prime;] Visite de l&rsquo;atelier avec d\u00e9monstration &nbsp; Chaque [&hellip;]<\/p>\n","protected":false},"author":1,"featured_media":0,"parent":69,"menu_order":0,"comment_status":"closed","ping_status":"closed","template":"","meta":{"footnotes":""},"class_list":["post-30184","page","type-page","status-publish","hentry"],"_links":{"self":[{"href":"http:\/\/atelier-skald.com\/en\/wp-json\/wp\/v2\/pages\/30184","targetHints":{"allow":["GET"]}}],"collection":[{"href":"http:\/\/atelier-skald.com\/en\/wp-json\/wp\/v2\/pages"}],"about":[{"href":"http:\/\/atelier-skald.com\/en\/wp-json\/wp\/v2\/types\/page"}],"author":[{"embeddable":true,"href":"http:\/\/atelier-skald.com\/en\/wp-json\/wp\/v2\/users\/1"}],"replies":[{"embeddable":true,"href":"http:\/\/atelier-skald.com\/en\/wp-json\/wp\/v2\/comments?post=30184"}],"version-history":[{"count":6,"href":"http:\/\/atelier-skald.com\/en\/wp-json\/wp\/v2\/pages\/30184\/revisions"}],"predecessor-version":[{"id":31744,"href":"http:\/\/atelier-skald.com\/en\/wp-json\/wp\/v2\/pages\/30184\/revisions\/31744"}],"up":[{"embeddable":true,"href":"http:\/\/atelier-skald.com\/en\/wp-json\/wp\/v2\/pages\/69"}],"wp:attachment":[{"href":"http:\/\/atelier-skald.com\/en\/wp-json\/wp\/v2\/media?parent=30184"}],"curies":[{"name":"wp","href":"https:\/\/api.w.org\/{rel}","templated":true}]}}